{"id":15,"date":"2015-10-10T17:29:06","date_gmt":"2015-10-10T15:29:06","guid":{"rendered":"http:\/\/2016.crowny.de\/?page_id=15"},"modified":"2019-02-12T09:13:24","modified_gmt":"2019-02-12T08:13:24","slug":"impressum","status":"publish","type":"page","link":"https:\/\/www.crowny.de\/?page_id=15","title":{"rendered":"Impressum"},"content":{"rendered":"<h2>Impressum<\/h2>\n<p>Crowny Distribution<br \/>\nInhaber &amp; Verantwortlicher: Michael H\u00f6rner<\/p>\n<p>Walther-Rathenau-Str. 2<br \/>\n86199 Augsburg<br \/>\nDeutschland<\/p>\n<p>Telefon: +49 821 22 88 145<br \/>\nE-Mail: info(at)crowny.de<\/p>\n<p>UStid-Nr. DE258213373<\/p>\n<p>&nbsp;<\/p>\n<div class=\"row\">\n<div class=\"col-md-6 \">\n<p>Haftung f\u00fcr eigene Inhalte<br \/>\nWir sind f\u00fcr die eigenen Inhalte, die wir zur Nutzung bereithalten, nach den allgemeinen Gesetzen verantwortlich. Eine Gew\u00e4hr oder Verantwortung f\u00fcr Vollst\u00e4ndigkeit, Fehler redaktioneller und technischer Art, Auslassungen usw. sowie die Richtigkeit der auf diesem Internetangebot befindlichen Information \u00fcbernehmen wir nicht.<\/p>\n<p>Haftung f\u00fcr Inhalte auf Internetangeboten Dritter, Verweise durch Links auf Inhalte von Internetseiten Dritter dienen lediglich Ihrer Information. Die Verantwortlichkeit f\u00fcr diese fremden Inhalte liegt alleine bei dem Anbieter, der diese Inhalte auf der verlinkten Internetseite bereith\u00e4lt. Die Internetangebote Dritter sind vor dem Einrichten des entsprechenden Verweises \u00fcberpr\u00fcft worden. Wir \u00fcbernehmen aber keine Gew\u00e4hr f\u00fcr die Vollst\u00e4ndigkeit und Richtigkeit von Informationen, die hinter einem Verweis oder Link liegen; insbesondere kann der Inhalt dieser Internetangebote jederzeit ohne unser Wissen ge\u00e4ndert werden. Werden Rechtsverletzungen bekannt, die sich auf Seiten befinden, auf die wir auf unserer Webseite einen Link gesetzt haben, werden wir diesen Link unverz\u00fcglich entfernen.<\/p>\n<p>\u00c4nderung der bereitgestellten Informationen<br \/>\nWir behalten uns das Recht vor, ohne vorherige Ank\u00fcndigung die bereitgestellten Informationen zu \u00e4ndern, zu erg\u00e4nzen oder zu entfernen.<\/p>\n<p>Urheberrecht<br \/>\nDie Gestaltung des Angebots sowie die inhaltlichen Beitr\u00e4ge sind urheberrechtlich gesch\u00fctzt. Dies gilt insbesondere f\u00fcr Texte, Bilder, Grafiken, Ton-, Video-, oder Animationsdateien einschlie\u00dflich deren Anordnung auf den einzelnen Internet-Seiten. Der Nachdruck und die Auswertung von Pressemitteilungen sind mit Quellenangabe gestattet. Im \u00dcbrigen darf die Ver\u00f6ffentlichung (auch im Internet), Verarbeitung oder gewerbliche Nutzung aller Inhalte (oder Teilen davon) nur nach vorheriger schriftlicher Genehmigung durch uns erfolgen.<\/p>\n<\/div>\n<\/div>\n<h3>Beschwerdeverfahren<\/h3>\n<div class=\"woocommerce woocommerce-gzd woocommerce-gzd-complaints-shortcode\">\n\t<h3>Alternative Streitbeilegung gem\u00e4\u00df Art. 14 Abs. 1 ODR-VO und \u00a7 36 VSBG:<\/h3>\n\n<p>Die Europ\u00e4ische Kommission stellt eine Plattform zur Online-Streitbeilegung (OS) bereit, die du unter <a href=\"https:\/\/ec.europa.eu\/consumers\/odr\" target=\"_blank\">https:\/\/ec.europa.eu\/consumers\/odr<\/a> findest. Zur Teilnahme an einem Streitbeilegungsverfahren vor einer Verbraucherschlichtungsstelle sind wir nicht verpflichtet und nicht bereit.<\/p>\n<\/div>\n","protected":false},"excerpt":{"rendered":"<p>Impressum Crowny Distribution Inhaber &amp; Verantwortlicher: Michael H\u00f6rner Walther-Rathenau-Str. 2 86199 Augsburg Deutschland Telefon: +49 821 22 88 145 E-Mail: info(at)crowny.de UStid-Nr. DE258213373 &nbsp; Haftung f\u00fcr eigene Inhalte Wir sind f\u00fcr die eigenen Inhalte, die wir zur Nutzung bereithalten, nach den allgemeinen Gesetzen verantwortlich. Eine Gew\u00e4hr oder Verantwortung f\u00fcr Vollst\u00e4ndigkeit, Fehler redaktioneller und technischer Art, &hellip;<\/p>\n","protected":false},"author":1,"featured_media":0,"parent":0,"menu_order":0,"comment_status":"closed","ping_status":"closed","template":"","meta":[],"_links":{"self":[{"href":"https:\/\/www.crowny.de\/index.php?rest_route=\/wp\/v2\/pages\/15"}],"collection":[{"href":"https:\/\/www.crowny.de\/index.php?rest_route=\/wp\/v2\/pages"}],"about":[{"href":"https:\/\/www.crowny.de\/index.php?rest_route=\/wp\/v2\/types\/page"}],"author":[{"embeddable":true,"href":"https:\/\/www.crowny.de\/index.php?rest_route=\/wp\/v2\/users\/1"}],"replies":[{"embeddable":true,"href":"https:\/\/www.crowny.de\/index.php?rest_route=%2Fwp%2Fv2%2Fcomments&post=15"}],"version-history":[{"count":9,"href":"https:\/\/www.crowny.de\/index.php?rest_route=\/wp\/v2\/pages\/15\/revisions"}],"predecessor-version":[{"id":821,"href":"https:\/\/www.crowny.de\/index.php?rest_route=\/wp\/v2\/pages\/15\/revisions\/821"}],"wp:attachment":[{"href":"https:\/\/www.crowny.de\/index.php?rest_route=%2Fwp%2Fv2%2Fmedia&parent=15"}],"curies":[{"name":"wp","href":"https:\/\/api.w.org\/{rel}","templated":true}]}}