{"id":19,"date":"2015-10-10T17:30:35","date_gmt":"2015-10-10T15:30:35","guid":{"rendered":"http:\/\/2016.crowny.de\/?page_id=19"},"modified":"2021-12-09T10:44:43","modified_gmt":"2021-12-09T09:44:43","slug":"agb","status":"publish","type":"page","link":"https:\/\/www.crowny.de\/?page_id=19","title":{"rendered":"AGB"},"content":{"rendered":"<h2><span style=\"font-size: big;\">Allgemeine Gesch\u00e4ftsbedingungen der Firma Crowny Distribution<\/span><\/h2>\n<p>&nbsp;<\/p>\n<p><span style=\"font-size: small;\">\u00a7 1 Geltungsbereich<\/span><\/p>\n<p>(1) Diese Verkaufsbedingungen gelten ausschlie\u00dflich. Entgegenstehende oder von den Verkaufsbedingungen abweichende Bedingungen des Bestellers erkennen wir nur an, wenn wir ausdr\u00fccklich schriftlich der Geltung zustimmen.<\/p>\n<p>(2) Diese Verkaufsbedingungen gelten auch f\u00fcr alle zuk\u00fcnftigen Gesch\u00e4fte mit dem Besteller, soweit es sich um Rechtsgesch\u00e4fte verwandter Art handelt.<\/p>\n<h3><span style=\"font-size: small;\">\u00a7 2 Angebot und Vertragsabschluss<\/span><\/h3>\n<p>Die vom Besteller abgegebene Bestellung ist ein bindendes Angebot. Wir k\u00f6nnen dieses Angebot innerhalb von zwei Wochen durch Zusendung einer Auftragsbest\u00e4tigung annehmen oder innerhalb dieser Frist die bestellte Ware zusenden.<\/p>\n<h3><span style=\"font-size: small;\">\u00a7 3 \u00dcberlassene Unterlagen<\/span><\/h3>\n<p>An allen im Zusammenhang mit der Auftragserteilung dem Besteller \u00fcberlassenen Unterlagen, wie z.B. Kalkulationen, Zeichnungen etc., behalten wir uns das Eigentums- und Urheberrecht vor. Diese Unterlagen d\u00fcrfen Dritten nicht zug\u00e4nglich gemacht werden, es sei denn, wir erteilen dem Besteller unsere ausdr\u00fcckliche schriftliche Zustimmung. Soweit wir das Angebot des Bestellers nicht innerhalb der Frist von \u00a7 2 annehmen, sind diese Unterlagen uns unverz\u00fcglich zur\u00fcckzusenden.<\/p>\n<h3><span style=\"font-size: small;\">\u00a7 4 Preise und Zahlung<\/span><\/h3>\n<p>(1) Sofern nichts Gegenteiliges schriftlich vereinbart wird, gelten unsere Preise ab Lager Augsburg ausschlie\u00dflich Verpackung und inklusive Umsatzsteuer in jeweils g\u00fcltiger H\u00f6he. Kosten f\u00fcr den Versand (Porto, Verpackung, Handlinggeb\u00fchr) werden pauschal in Rechnung gestellt. Wir sind zu Teillieferungen berechtigt, Nachlieferungen erfolgen grunds\u00e4tzlich versandkostenfrei.<\/p>\n<p>(2) Sofern nichts anderes vereinbart wird, ist die Lieferung ausschlie\u00dflich per Vorauskasse oder per PayPal zu zahlen. Bei unbegr\u00fcndetem Annahmeverzug hat der Kunde die uns dadurch entstehenden Kosten zu tragen. Ein solcher liegt insbesondere auch dann vor, wenn der Besteller, trotz einer l\u00e4ngeren Lieferzeit, die Ware nicht einl\u00f6st, ohne dass vorher der Auftrag schriftlich storniert worden ist. In gesonderten F\u00e4llen, jedoch nur nach vorheriger Absprache ist auch Rechnungsstellung m\u00f6glich. Bei Rechnungsstellung ist der Betrag innerhalb von 14 Tagen auf das auf der Rechnung angegebene Konto zu \u00fcberweisen. Verzugszinsen werden in H\u00f6he von 6 % \u00fcber dem jeweiligen Basiszinssatz berechnet. Die Geltendmachung eines h\u00f6heren Verzugsschadens bleibt vorbehalten. Telefonnnummer +49 821 2288145 vereinbart.<\/p>\n<p>(3) \u00dcbersteigt die vereinbarte Lieferzeit den Zeitraum von vier Wochen ab Vertragsabschluss oder verz\u00f6gert sich die Lieferung \u00fcber vier Wochen ab Vertragsabschluss aus Gr\u00fcnden, die allein der Besteller zu vertreten hat oder die allein in seinen Risikobereich fallen, sind wir berechtigt, den am Tag der Lieferung g\u00fcltigen Preis zu berechnen. Betr\u00e4gt die Preiserh\u00f6hung mehr als 5 % des auf der Vorseite bezifferten Kaufpreises, ist der Besteller berechtigt, vom Vertrag zur\u00fcckzutreten. Dieses R\u00fccktrittsrecht entf\u00e4llt, wenn der Besteller es nicht innerhalb einer Frist von 2 Wochen, beginnend mit dem Datum der Mitteilung des neuen Preises, aus\u00fcbt.<\/p>\n<h3><span style=\"font-size: small;\">\u00a7 5 R\u00fcckgaberecht<\/span><\/h3>\n<p>Informationen zum Widerruf finden Sie <a href=\"http:\/\/2016.crowny.de\/wp\/?page_id=107\">hier.<\/a><\/p>\n<h3><span style=\"font-size: small;\">\u00a7 6 Aufrechnung und Zur\u00fcckbehaltungsrechte<\/span><\/h3>\n<p>Dem Besteller steht das Recht zur Aufrechung nur zu, wenn seine Gegenanspr\u00fcche rechtskr\u00e4ftig festgestellt oder unbestritten sind. Zur Aus\u00fcbung eines Zur\u00fcckbehaltungsrechts ist der Besteller nur insoweit befugt, als sein Gegenanspruch auf dem gleichen Vertragsverh\u00e4ltnis beruht.<\/p>\n<h3><span style=\"font-size: small;\">\u00a7 7 Lieferzeit<\/span><\/h3>\n<p>(1) Der Beginn der von uns angegebenen Lieferzeit setzt die Abkl\u00e4rung aller technischen Fragen sowie die rechtzeitige und ordnungsgem\u00e4\u00dfe Erf\u00fcllung der Verpflichtungen des Bestellers voraus. Die Einrede des nicht erf\u00fcllten Vertrages bleibt vorbehalten.<\/p>\n<p>(2) Kommt der Besteller in Annahmeverzug oder verletzt er schuldhaft sonstige Mitwirkungspflichten, so sind wir berechtigt, den uns insoweit entstehenden Schaden, einschlie\u00dflich etwaiger Mehraufwendungen ersetzt zu verlangen. Weitergehende Anspr\u00fcche bleiben vorbehalten. Sofern vorstehende Voraussetzungen vorliegen, geht die Gefahr eines zuf\u00e4lligen Untergangs oder einer zuf\u00e4lligen Verschlechterung der Kaufsache in dem Zeitpunkt auf den Besteller \u00fcber, in dem dieser in Annahme- oder Schuldnerverzug gern ist.<\/p>\n<p>(3) Weitere gesetzliche Anspr\u00fcche und Rechte des Bestellers wegen eines Lieferverzuges bleiben unber\u00fchrt.<\/p>\n<p>(4) Lagernde Ware wird regul\u00e4r innerhalb 24 Stunden nach Zahlungseingang versandt.<\/p>\n<h3><span style=\"font-size: small;\">\u00a7 8 Gefahr\u00fcbergang bei Versendung<\/span><\/h3>\n<p>Wird die Ware auf Wunsch des Bestellers an diesen versendet, so geht mit der Absendung an den Besteller, sp\u00e4testens mit Verlassen des Lagers die Gefahr des zuf\u00e4lligen Untergangs oder der zuf\u00e4lligen Verschlechterung der Ware auf den Besteller \u00fcber. Dies gilt unabh\u00e4ngig davon, ob die Versendung der Ware vom Erf\u00fcllungsort erfolgt oder wer die Frachtkosten tr\u00e4gt.<\/p>\n<h3><span style=\"font-size: small;\">\u00a7 9 Eigentumsvorbehalt<\/span><\/h3>\n<p>(1) Wir behalten uns das Eigentum an der gelieferten Sache bis zur vollst\u00e4ndigen Zahlung s\u00e4mtlicher Forderungen aus dem Liefervertrag vor. Wir sind berechtigt, die Kaufsache zur\u00fcckzunehmen, wenn der Besteller sich vertragswidrig verh\u00e4lt.<\/p>\n<p>(2) Der Besteller ist verpflichtet, solange das Eigentum noch nicht auf ihn \u00fcbergegangen ist, die Kaufsache pfleglich zu behandeln. Insbesondere ist er verpflichtet, diese auf eigene Kosten gegen Diebstahl-, Feuer- und Wassersch\u00e4den ausreichend zum Neuwert zu versichern (Hinweis: nur zul\u00e4ssig bei Verkauf hochwertiger G\u00fcter). M\u00fcssen Wartungs- und Inspektionsarbeiten durchgef\u00fchrt werden, hat der Besteller diese auf eigene Kosten rechtzeitig auszuf\u00fchren. Solange das Eigentum noch nicht \u00fcbergegangen ist, hat uns der Besteller unverz\u00fcglich schriftlich zu benachrichtigen, wenn der gelieferte Gegenstand gepf\u00e4ndet oder sonstigen Eingriffen Dritter ausgesetzt ist. Soweit der Dritte nicht in der Lage ist, uns die gerichtlichen und au\u00dfergerichtlichen Kosten einer Klage gem\u00e4\u00df \u00a7 771 ZPO zu erstatten, haftet der Besteller f\u00fcr den uns entstandenen Ausfall.<\/p>\n<p>(3) Der Besteller ist zur Weiterver\u00e4u\u00dferung der Vorbehaltsware im normalen Gesch\u00e4ftsverkehr berechtigt. Die Forderungen des Abnehmers aus der Weiterver\u00e4u\u00dferung der Vorbehaltsware tritt der Besteller schon jetzt an uns in H\u00f6he des mit uns vereinbarten Faktura- Endbetrages (einschlie\u00dflich Mehrwertsteuer) ab. Diese Abtretung gilt unabh\u00e4ngig davon, ob die Kaufsache ohne oder nach Verarbeitung weiterverkauft worden ist. Der Besteller bleibt zur Einziehung der Forderung auch nach der Abtretung erm\u00e4chtigt. Unsere Befugnis, die Forderung selbst einzuziehen, bleibt davon unber\u00fchrt. Wir werden jedoch die Forderung nicht einziehen, solange der Besteller seinen Zahlungsverpflichtungen aus den vereinnahmten Erl\u00f6sen nachkommt, nicht in Zahlungsverzug ist und insbesondere kein Antrag auf Er\u00f6ffnung eines Insolvenzverfahrens gestellt ist oder Zahlungseinstellung vorliegt<\/p>\n<h3><span style=\"font-size: small;\">\u00a7 10 Gew\u00e4hrleistung und M\u00e4ngelr\u00fcge<\/span><\/h3>\n<p>(1) Gew\u00e4hrleistungsrechte des Bestellers setzen voraus, dass dieser die empfangene Ware auf Vollst\u00e4ndigkeit, Transportsch\u00e4den, offensichtliche M\u00e4ngel, Beschaffenheit und deren Eigenschaften untersucht hat. Offensichtliche M\u00e4ngel sind vom K\u00e4ufer innerhalb von 2 Wochen ab Lieferung des Vertragsgegenstandes schriftlich uns gegen\u00fcber zu r\u00fcgen. \u00c4u\u00dferliche Besch\u00e4digungen von Paketen sind bei \u00dcbergabe vom Anlieferer vermerken zu lassen.<\/p>\n<p>(2) Der Besteller hat zun\u00e4chst die Wahl, ob die Nacherf\u00fcllung durch Nachbesserung oder Ersatzlieferung erfolgen soll. Wir sind jedoch berechtigt, die Art der Nacherf\u00fcllung zu verweigern, wenn sie nur mit unverh\u00e4ltnism\u00e4\u00dfigen Kosten m\u00f6glich ist und die andere Art der Nacherf\u00fcllung ohne erhebliche Nachteile f\u00fcr den Besteller bleibt. W\u00e4hrend der Nacherf\u00fcllung sind die Herabsetzung des Kaufpreises oder der R\u00fccktritt vom Vertrag durch den Besteller ausgeschlossen. Eine Nachbesserung gilt mit dem zweiten vergeblichen Versuch als fehlgeschlagen. Ist die Nacherf\u00fcllung fehlgeschlagen oder haben wir die Nacherf\u00fcllung insgesamt verweigert, kann der Besteller nach seiner Wahl Herabsetzung des Kaufpreises (Minderung) verlangen oder den R\u00fccktritt vom Vertrag erkl\u00e4ren.<\/p>\n<p>(3) Schadensersatzanspr\u00fcche zu den nachfolgenden Bedingungen wegen des Mangels kann der Besteller erst geltend machen, wenn die Nacherf\u00fcllung fehlgeschlagen ist oder wir die Nacherf\u00fcllung verweigert haben. Das Recht des Bestellers zur Geltendmachung von weitergehenden Schadensersatzanspr\u00fcchen zu den nachfolgenden Bedingungen bleibt davon unber\u00fchrt.<\/p>\n<p>(4) Wir haften unbeschadet vorstehender Regelungen und der nachfolgenden Haftungsbeschr\u00e4nkungen uneingeschr\u00e4nkt f\u00fcr Sachsch\u00e4den und Sch\u00e4den an Leben, K\u00f6rper und Gesundheit die auf einer fahrl\u00e4ssigen oder vors\u00e4tzlichen Pflichtverletzung, unseren gesetzlichen Vertretern oder unseren Erf\u00fcllungsgehilfen beruhen, sowie f\u00fcr Sch\u00e4den, die von der Haftung nach dem Produkthaftungsgesetz umfasst werden, sowie f\u00fcr alle Sch\u00e4den, die auf vors\u00e4tzlichen oder grob fahrl\u00e4ssigen Vertragsverletzungen sowie Arglist, unserer gesetzlichen Vertreter oder unserer Erf\u00fcllungsgehilfen beruhen. Soweit wir bez\u00fcglich der Ware oder Teile derselben eine Beschaffenheits- und\/oder Haltbarkeitsgarantie abgegeben haben, haftet der Hersteller im Rahmen dieser Garantie. F\u00fcr Sch\u00e4den, die auf dem Fehlen der garantierten Beschaffenheit oder Haltbarkeit beruhen, aber nicht unmittelbar an der Ware eintreten, haftet grunds\u00e4tzlich der Hersteller.<\/p>\n<p>(5) Wir haften auch nicht f\u00fcr Sch\u00e4den, die durch einfache Fahrl\u00e4ssigkeit verursacht werden, soweit diese Fahrl\u00e4ssigkeit die Verletzung solcher Vertragspflichten betrifft, deren Einhaltung f\u00fcr die Erreichung des Vertragszwecks von besonderer Bedeutung ist (Kardinalpflichten).<\/p>\n<p>(6) Eine weitergehende Haftung ist ohne R\u00fccksicht auf die Rechtsnatur des geltend gemachten Anspruchs ausgeschlossen. Soweit unsere Haftung ausgeschlossen oder beschr\u00e4nkt ist, gilt dies auch f\u00fcr die pers\u00f6nliche Haftung unserer Angestellten, Arbeitnehmer, Mitarbeiter, Vertreter und Erf\u00fcllungsgehilfen.<\/p>\n<p>(7) Die Gew\u00e4hrleistungsfrist betr\u00e4gt 2 Jahre, gerechnet ab Kaufdatum. Diese Frist gilt auch f\u00fcr Anspr\u00fcche auf Ersatz von Mangelfolgesch\u00e4den, soweit keine Anspr\u00fcche aus unerlaubter Handlung geltend gemacht werden.<\/p>\n<h3><span style=\"font-size: small;\">\u00a7 11 Sonstiges<\/span><\/h3>\n<p>(1) Dieser Vertrag und die gesamten Rechtsbeziehungen der Parteien unterliegen dem Recht der Bundesrepublik Deutschland unter Ausschluss des UN-Kaufrechts (CISG).<\/p>\n<p>(2) \u00c4nderungen und Erg\u00e4nzungen dieses Vertrages bed\u00fcrfen der Schriftform. Dies gilt auch f\u00fcr \u00c4nderungen dieser Schriftformklausel. M\u00fcndliche Nebenabreden wurden nicht getroffen.<\/p>\n<p>(3) Sollten einzelne Bestimmungen dieses Vertrages unwirksam sein oder eine L\u00fccke enthalten, so bleiben die \u00fcbrigen Bestimmungen hiervon unber\u00fchrt. Die Parteien verpflichten sich, anstelle der unwirksamen Regelung eine solche gesetzlich zul\u00e4ssige Regelung zu treffen, die dem wirtschaftlichen Zweck der unwirksamen Regelung am n\u00e4chsten kommt, bzw. diese L\u00fccke ausf\u00fcllt.<\/p>\n<h3><span style=\"font-size: small;\">\u00a712 Erf\u00fcllungsort und Gerichtsstand<\/span><\/h3>\n<p>F\u00fcr alle sich aus dem Gesch\u00e4ft ergebenden Rechte und Pflichten gilt sowohl f\u00fcr Lieferungen und Zahlungen f\u00fcr beide Teile Amtsgericht Augsburg.<\/p>\n<p>Allgemeine Gesch\u00e4ftsbedingungen<\/p>\n<p>&nbsp;<\/p>\n<p>&nbsp;<\/p>\n<h1>Allgemeine Gesch\u00e4ftsbedingungen crowny.de<\/h1>\n<p>\u00a7 1 Geltungsbereich<\/p>\n<p>Die vorliegenden Gesch\u00e4ftsbedingungen enthalten die zwischen Ihnen (&#8216;Kunde&#8217;) und uns, der Crowny Distribution, M. H\u00f6rner, Walther-Rathenau-Str. 2, D-86199 Augsburg, ausschlie\u00dflich geltenden Bedingungen bei Vertragsabschl\u00fcssen \u00fcber unseren Online-Shop www.crowny.de.<br \/>\n\u00a7 2 Angebot; Lieferung; Liefervorbehalt; Teillieferung<\/p>\n<p>(1) Die Pr\u00e4sentation unserer Waren auf unserer Internetseite www.crowny.de stellt kein bindendes Angebot unsererseits dar.<\/p>\n<p>(2) Angebote von Kunden mit Sitz au\u00dferhalb Deutschlands, D\u00e4nemarks, Frankreichs, Italiens, Luxemburgs, Niederlandes, \u00d6sterreichs, Schwedens, Spaniens und Tschechiens werden von uns nicht angenommen.<\/p>\n<p>(3) Ist ein von Ihnen bestelltes Produkt dauerhaft nicht lieferbar, behalten wir uns vor, Ihr Angebot nicht anzunehmen bzw. vom Vertrag zur\u00fcckzutreten.<\/p>\n<p>(4) Es bleibt uns vorbehalten, eine Teillieferung vorzunehmen, sofern Ihnen dies zumutbar und f\u00fcr eine z\u00fcgige Abwicklung erforderlich ist.<br \/>\n\u00a7 3 Unsere Haftung<\/p>\n<p>F\u00fcr unsere Waren bestehen die gesetzlichen M\u00e4ngelhaftungsrechte, sofern nachfolgend nicht etwas anderes vereinbart ist:<\/p>\n<p>(1) Wir haften \u2013 gleich aus welchem Rechtsgrund \u2013 auf Schadenersatz oder Ersatz vergeblicher Aufwendungen nach Ma\u00dfgabe der nachfolgenden Bestimmungen unter Buchst. (a) und (b):<\/p>\n<p>(a) Im Falle von Vorsatz und grober Fahrl\u00e4ssigkeit haften wir unbeschr\u00e4nkt. Bei einfacher Fahrl\u00e4ssigkeit haften wir nur f\u00fcr Sch\u00e4den aus der Verletzung einer wesentlichen Vertragspflicht (Verpflichtung, deren Erf\u00fcllung die ordnungsgem\u00e4\u00dfe Durchf\u00fchrung des Vertrags \u00fcberhaupt erst erm\u00f6glicht und auf deren Einhaltung Sie regelm\u00e4\u00dfig vertrauen und vertrauen d\u00fcrfen); in diesem Fall ist unsere Haftung jedoch auf den Ersatz des vertragstypischen, vorhersehbaren Schadens beschr\u00e4nkt.<\/p>\n<p>(b) Die sich aus Buchst. (a) ergebenden Haftungsausschl\u00fcsse und Haftungsbeschr\u00e4nkungen gelten nicht, soweit wir einen Mangel arglistig verschwiegen oder eine Garantie f\u00fcr die Beschaffenheit der Sache \u00fcbernommen haben, f\u00fcr Sch\u00e4den aus der Verletzung des Lebens, des K\u00f6rpers oder der Gesundheit, sowie im Fall einer Haftung nach dem Produkthaftungsgesetz.<\/p>\n<p>(2) Soweit die Haftung uns gegen\u00fcber ausgeschlossen oder beschr\u00e4nkt ist, gilt dies auch f\u00fcr die pers\u00f6nliche Haftung unserer gesetzlichen Vertreter und Erf\u00fcllungsgehilfen.<\/p>\n","protected":false},"excerpt":{"rendered":"<p>Allgemeine Gesch\u00e4ftsbedingungen der Firma Crowny Distribution &nbsp; \u00a7 1 Geltungsbereich (1) Diese Verkaufsbedingungen gelten ausschlie\u00dflich. Entgegenstehende oder von den Verkaufsbedingungen abweichende Bedingungen des Bestellers erkennen wir nur an, wenn wir ausdr\u00fccklich schriftlich der Geltung zustimmen. (2) Diese Verkaufsbedingungen gelten auch f\u00fcr alle zuk\u00fcnftigen Gesch\u00e4fte mit dem Besteller, soweit es sich um Rechtsgesch\u00e4fte verwandter Art handelt. &hellip;<\/p>\n","protected":false},"author":1,"featured_media":0,"parent":0,"menu_order":0,"comment_status":"closed","ping_status":"closed","template":"","meta":[],"_links":{"self":[{"href":"https:\/\/www.crowny.de\/index.php?rest_route=\/wp\/v2\/pages\/19"}],"collection":[{"href":"https:\/\/www.crowny.de\/index.php?rest_route=\/wp\/v2\/pages"}],"about":[{"href":"https:\/\/www.crowny.de\/index.php?rest_route=\/wp\/v2\/types\/page"}],"author":[{"embeddable":true,"href":"https:\/\/www.crowny.de\/index.php?rest_route=\/wp\/v2\/users\/1"}],"replies":[{"embeddable":true,"href":"https:\/\/www.crowny.de\/index.php?rest_route=%2Fwp%2Fv2%2Fcomments&post=19"}],"version-history":[{"count":8,"href":"https:\/\/www.crowny.de\/index.php?rest_route=\/wp\/v2\/pages\/19\/revisions"}],"predecessor-version":[{"id":1878,"href":"https:\/\/www.crowny.de\/index.php?rest_route=\/wp\/v2\/pages\/19\/revisions\/1878"}],"wp:attachment":[{"href":"https:\/\/www.crowny.de\/index.php?rest_route=%2Fwp%2Fv2%2Fmedia&parent=19"}],"curies":[{"name":"wp","href":"https:\/\/api.w.org\/{rel}","templated":true}]}}