{"id":38,"date":"2015-10-11T21:40:26","date_gmt":"2015-10-11T19:40:26","guid":{"rendered":"http:\/\/2016.crowny.de\/wp\/?page_id=38"},"modified":"2015-11-04T15:12:43","modified_gmt":"2015-11-04T14:12:43","slug":"uber-crowny","status":"publish","type":"page","link":"https:\/\/www.crowny.de\/?page_id=38","title":{"rendered":"wir"},"content":{"rendered":"<p><span style=\"text-decoration: underline;\">Crowny Distribution<\/span><\/p>\n<p>ist genau genommen eine Ein-Mann-Show. Ich, Mike H\u00f6rner, habe mich 1998 dem Mountainbike-Rennsport verschrieben. W\u00e4hrend der Schule und des Studiums wurde so gut wie jedes deutsche und \u00f6sterreichische Downhill-Rennen mitgenommen. Oftmals ging es auch in das damals von deutschen Fahrern noch selten besuchte europ\u00e4ische Ausland. Tschechien, Kroatien, Spanien, Portugal. In Polen wurden 2003 die ersten WeltCup-Punkte geholt und nach meinem pers\u00f6nlichen Deb\u00fct in Kaprun das kommende Jahr noch Willingen, Les 2 Alps und Schladming mit bestritten, prim\u00e4r galt hier die Devise Erfahrung zu sammeln.<br \/>\nSeit meiner Festanstellung sind es definitiv weniger Rennen geworden, ich fahre was mit der Arbeit zu vereinbaren ist und \u00fcberrasche mich selbst mit dem ein oder anderen Top10 Platz auf (inter)nationalen Enduro- oder Downhill-Rennen in der Masters-Klasse. Am wichtigsten aber sind mir der Spa\u00df beim Stempeln mit Freunden, die Natur und Landschaft beim Biken zu genie\u00dfen und dass ich Equipment benutze, dem ich zu 100% Vertrauen schenken kann. Mit mehr als 150 Rennwochenenden Erfahrung wei\u00df man vor Allem, welche Produkte funktionieren und welche eher semi.<br \/>\nSuper zufrieden bin ich seit Anfang an mit Burgtec. Die Jungs kommen selbst aus dem Rennsport, wissen worum es geht und worauf es ankommt und t\u00fcfteln seit eh und je an der Weiterentwicklung ihrer feinen Produktpalette.<\/p>\n<p>&nbsp;<\/p>\n<p><span style=\"text-decoration: underline;\">Die Philosophie von BURGTEC<\/span> &#8211; nur hochwertigste, Mountainbike-Komponenten <b>&#8216;made in UK&#8217;<\/b><\/p>\n<p>Unser Ziel ist, die feinsten und modernsten L\u00f6sungen zu bieten, indem wir erlesene Materialien mit \u00fcberlegener Verarbeitung verbinden und keine Kompromisse eingehen. Die Erfahrung der weltbesten Athleten, kombinieren wir mit der Leidenschaft der &#8220;on any sunday&#8221; Crew und lassen beides in unsere Produkte einflie\u00dfen.<br \/>\nWas hat es f\u00fcr einen Sinn, stundenlang durchs halbe Land auf ein Rennen oder in den Bikepark zu fahren, nur um dann festzustellen, da\u00df die Komponenten, die man wollte und gekauft hatte, ihrem Job nicht gewachsen sind? Man sagt, Notwendigkeit sei die Mutter von allen Erfindungen &#8211; und so entstand Burgtec. Wir von Burgtec glauben vor allem an Qualit\u00e4t und Zuverl\u00e4ssigkeit. Als leidenschaftliche Fahrer wollten wir Pedale von h\u00f6chsten Kaliber.<br \/>\nUm dies zu erreichen, designten wir die &#8220;Penthouse Flats&#8221;. Wir arbeiten mit Leib und Seele f\u00fcr Euch Jungs und M\u00e4dels an der Fertigung und Weiterentwicklung der &#8220;Penthouse Flats&#8221;. Wir tun es mit Liebe und hoffen, das neueste Modell MK4 gef\u00e4llt euch.<br \/>\nWir sind von unseren neuen Pedalen derma\u00dfen \u00fcberzeugt, dass wir auf Pedalk\u00f6rper und Achse <b>3 Jahre Garantie <\/b> gew\u00e4hren &#8211; auch im Renneinsatz!<\/p>\n","protected":false},"excerpt":{"rendered":"<p>Crowny Distribution ist genau genommen eine Ein-Mann-Show. Ich, Mike H\u00f6rner, habe mich 1998 dem Mountainbike-Rennsport verschrieben. W\u00e4hrend der Schule und des Studiums wurde so gut wie jedes deutsche und \u00f6sterreichische Downhill-Rennen mitgenommen. Oftmals ging es auch in das damals von deutschen Fahrern noch selten besuchte europ\u00e4ische Ausland. Tschechien, Kroatien, Spanien, Portugal. In Polen wurden 2003 &hellip;<\/p>\n","protected":false},"author":1,"featured_media":0,"parent":0,"menu_order":0,"comment_status":"closed","ping_status":"closed","template":"","meta":[],"_links":{"self":[{"href":"https:\/\/www.crowny.de\/index.php?rest_route=\/wp\/v2\/pages\/38"}],"collection":[{"href":"https:\/\/www.crowny.de\/index.php?rest_route=\/wp\/v2\/pages"}],"about":[{"href":"https:\/\/www.crowny.de\/index.php?rest_route=\/wp\/v2\/types\/page"}],"author":[{"embeddable":true,"href":"https:\/\/www.crowny.de\/index.php?rest_route=\/wp\/v2\/users\/1"}],"replies":[{"embeddable":true,"href":"https:\/\/www.crowny.de\/index.php?rest_route=%2Fwp%2Fv2%2Fcomments&post=38"}],"version-history":[{"count":11,"href":"https:\/\/www.crowny.de\/index.php?rest_route=\/wp\/v2\/pages\/38\/revisions"}],"predecessor-version":[{"id":485,"href":"https:\/\/www.crowny.de\/index.php?rest_route=\/wp\/v2\/pages\/38\/revisions\/485"}],"wp:attachment":[{"href":"https:\/\/www.crowny.de\/index.php?rest_route=%2Fwp%2Fv2%2Fmedia&parent=38"}],"curies":[{"name":"wp","href":"https:\/\/api.w.org\/{rel}","templated":true}]}}