{"id":1013,"date":"2020-01-28T11:35:07","date_gmt":"2020-01-28T10:35:07","guid":{"rendered":"http:\/\/www.crowny.de\/?product=penthouse-mk5"},"modified":"2026-02-24T10:13:39","modified_gmt":"2026-02-24T09:13:39","slug":"penthouse-mk5","status":"publish","type":"product","link":"https:\/\/www.crowny.de\/?product=penthouse-mk5","title":{"rendered":"BURGTEC Penthouse Flats, MK5"},"content":{"rendered":"<div class=\"builder-section-content\">\n<div id=\"builder-section-1444588355860-column-1\" class=\"builder-text-column builder-text-column-1\">\n<div class=\"builder-text-content\">\n<h3 class=\"builder-text-section-title\"><strong><span style=\"color: #ffff00;\">SONDERAKTION bis 19.01.2025: ausgew\u00e4hlte und sofort verf\u00fcgbare Farben zum Sonderpreis von \u20ac125.- solange Vorrat reicht!<\/span><\/strong><\/h3>\n<p>Gr\u00f6\u00dfer, griffiger, leichter und so stabil wie gewohnt! Die Penthouse Flats MK5 sind da!<\/p>\n<p>Nach nahezu zwei Jahren Entwicklungszeit und ausgiebigem Testen pr\u00e4sentieren wir euch unsere Penthouse Flats MK5. Obwohl die 5. Generation das bisher leichteste und grippigste Pedal ist, beh\u00e4lt es dievon BURGTEC gewohnte Robustheit. Dies haben wir nicht nur durch eine gr\u00f6\u00dfere Standfl\u00e4che, sondern auch durch \u00c4nderung der Konkavit\u00e4t und Reduzierung der Pin-Durchmesser erreicht. Zus\u00e4tzlich haben wir die besten und langlebigsten am Markt erh\u00e4ltlichen Lager verwendet. Insgesamt haben wir alles bisherige auf den Kopf gestellt, um Dir das ultimative Flatpedal zu bieten.<\/p>\n<p>Gewicht. \u00a0 \u00a0 379 Gramm<br \/>\nMaterial. \u00a0\u00a0\u00a0\u00a0 7075 Aluminium<br \/>\nSt\u00e4rke. \u00a0\u00a0\u00a0\u00a0\u00a0\u00a0 15mm<br \/>\nStandfl\u00e4che.\u00a0 100x102mm<br \/>\nVertiefung. \u00a0\u00a0 2mm<br \/>\nPin Material. \u00a0 rostfreier Stahl<br \/>\nPin St\u00e4rke. \u00a0\u00a0 3,5mm<br \/>\nPin H\u00f6he. \u00a0\u00a0\u00a0 4,5mm<br \/>\nAchs-Material.\u00a0 EN24T Stahl<br \/>\nInnenleben. \u00a0 2x IGUS W300 Gleitbuchsen, abgedichtete Kugellager und Dichtringe<\/p>\n<p>verf\u00fcgbare Farben.<br \/>\nschwarz, rot, blau, purple, bronze, orange, silber, gold, pink<\/p>\n<\/div>\n<\/div>\n<\/div>\n","protected":false},"excerpt":{"rendered":"<p>Gr\u00f6\u00dfer, griffiger, leichter und so stabil wie gewohnt! Die Penthouse Flats MK5 sind da!<\/p>\n","protected":false},"featured_media":1011,"comment_status":"open","ping_status":"closed","template":"","meta":[],"product_cat":[29],"product_tag":[83,78,62,87,75,84,80,283,284,88,81,321,76,79,285,86,85,77],"_links":{"self":[{"href":"https:\/\/www.crowny.de\/index.php?rest_route=\/wp\/v2\/product\/1013"}],"collection":[{"href":"https:\/\/www.crowny.de\/index.php?rest_route=\/wp\/v2\/product"}],"about":[{"href":"https:\/\/www.crowny.de\/index.php?rest_route=\/wp\/v2\/types\/product"}],"replies":[{"embeddable":true,"href":"https:\/\/www.crowny.de\/index.php?rest_route=%2Fwp%2Fv2%2Fcomments&post=1013"}],"wp:featuredmedia":[{"embeddable":true,"href":"https:\/\/www.crowny.de\/index.php?rest_route=\/wp\/v2\/media\/1011"}],"wp:attachment":[{"href":"https:\/\/www.crowny.de\/index.php?rest_route=%2Fwp%2Fv2%2Fmedia&parent=1013"}],"wp:term":[{"taxonomy":"product_cat","embeddable":true,"href":"https:\/\/www.crowny.de\/index.php?rest_route=%2Fwp%2Fv2%2Fproduct_cat&post=1013"},{"taxonomy":"product_tag","embeddable":true,"href":"https:\/\/www.crowny.de\/index.php?rest_route=%2Fwp%2Fv2%2Fproduct_tag&post=1013"}],"curies":[{"name":"wp","href":"https:\/\/api.w.org\/{rel}","templated":true}]}}