{"id":104,"date":"2015-10-12T14:40:43","date_gmt":"2015-10-12T12:40:43","guid":{"rendered":"http:\/\/2016.crowny.de\/wp\/?post_type=product&#038;p=104"},"modified":"2023-05-30T20:46:10","modified_gmt":"2023-05-30T18:46:10","slug":"burgtec-penthouse-flats-iv","status":"publish","type":"product","link":"https:\/\/www.crowny.de\/?product=burgtec-penthouse-flats-iv","title":{"rendered":"BURGTEC Penthouse Flats, Mk. 4"},"content":{"rendered":"<h3 class=\"builder-text-section-title\"><\/h3>\n<div class=\"builder-section-content\">\n<div id=\"builder-section-1444588355860-column-1\" class=\"builder-text-column builder-text-column-1\">\n<div class=\"builder-text-content\">\n<p>Hiermit stellen wir Dir die neuen PenthouseFlats IV (MK4) vor, die bisher besten Burgtec Pedale! Aber wie verbessert man Pedale mit denen schon WorldCups gewonnen wurden? Wir haben die herausragenden Eigenschaften der Generation III (gro\u00dfe Trittfl\u00e4che, Pinanordnung &amp; lange Haltbarkeit) genommen und sie in der Generation IV beibehalten. Zus\u00e4tzlich gibt es folgende Features:<\/p>\n<ol>\n<li>neues Design mit nur noch 16mm Bauh\u00f6he &amp; 1mm Vertiefung. Ein flacheres Pedal erlaubt mehr Bodenfreiheit und sorgt f\u00fcr einen tieferen Schwerpunkt.<\/li>\n<li>Weniger Gewicht! Ein Paar MK4 mit Stahlachse wiegen nur 440 Gramm. Mit Titanachse sogar nur 370 Gramm\/Paar.<br \/>\nEin Hauptaugenmerk von Racern liegt heutzutage auf dem Gewicht. Unser Hauptaugenmerk liegt aber auch auf Zuverl\u00e4ssigkeit und Haltbarkeit! <strong>Wir sind uns durchaus bewusst dar\u00fcber, dass es auf dem Markt haufenweise leichtere und auch g\u00fcnstigere Pedale gibt! Unser Anspruch an h\u00f6chste Qualit\u00e4t und Haltbarkeit erf\u00fcllen wir uns jedoch am liebsten selbst, denn wir verlangen unseren Pedalen minimum 3 Jahre Renneinsatz ab.<\/strong> Aus diesem Grund gew\u00e4hren wir dem Erstbesitzer der Mk. 4 auch DREI JAHRE GARANTIE auf den Pedalk\u00f6rper\u00a0 \u2013 ohne wenn und aber!<\/li>\n<li>Ein selbst entwickeltes Pin-Design erlaubt es besch\u00e4digte Pins mit Leichtigkeit auszutauschen. Da bei den meisten Pedalen die Pins durch das Pedal geschraubt sind, kann dies dazu f\u00fchren dass ein abgebrochener Pin das Gewinde und somit den Pedalk\u00f6rper besch\u00e4digt. Unsere 4mm Edelstahlpins werden von oben ins Pedal geschraubt und ist somit jederzeit ersetzbar, egal wie besch\u00e4digt der Pins ist.<\/li>\n<\/ol>\n<p>&nbsp;<\/p>\n<h1>Einzelheiten<\/h1>\n<ul>\n<li>Farben: schwarz, rot, blau, purpur, braun oder iron bro orange<\/li>\n<li>gro\u00dfe Trittfl\u00e4che und bew\u00e4hrte Pinanordnung gew\u00e4hren dir besten Halt!<\/li>\n<li>Pedalh\u00f6he 16mm<\/li>\n<li>leichtes Austauschen aller Pins durch einzigartiges Pedaldesign<\/li>\n<li>Edelstahlpins mit 4mm Durchmesser<\/li>\n<li>1mm Vertiefung auf der Trittfl\u00e4che f\u00fcr noch mehr Halt<\/li>\n<li>komplett CNC gefr\u00e4ster Pedalk\u00f6rper aus 204 2TG Flugzeug-Aluminium-Barren<\/li>\n<li>einfache Wartung<\/li>\n<li>440g Gewicht mit Stahlachsen (380g mit Titanachsen)<\/li>\n<li>Made in the U.K.<\/li>\n<\/ul>\n<p>&nbsp;<\/p>\n<h1>Innenleben<\/h1>\n<ul>\n<li>extrem steife Achsen f\u00fcr maximale Kraft\u00fcbertragung vom Fahrer auf das Rad<\/li>\n<li>Doppelt gedichtete Industrielager f\u00fcr geschmeidiges Drehen<\/li>\n<li>Achsen bestehen aus edlem EN24 T Stahl<\/li>\n<li>3-stufiger Achsen-Fertigungsprozess:\n<ol>\n<li>plasmagesch\u00fctzte chemische Beschichtung<\/li>\n<li>Vernickelung<\/li>\n<li>Titannitrieren<\/li>\n<\/ol>\n<\/li>\n<\/ul>\n<\/div>\n<\/div>\n<\/div>\n","protected":false},"excerpt":{"rendered":"<p>Hiermit stellen wir Dir die neuen PenthouseFlats IV (MK4) vor, die bisher besten Burgtec Pedale! Aber wie verbessert man Pedale mit denen schon WorldCups gewonnen wurden? Wir haben die herausragenden Eigenschaften der Generation III (gro\u00dfe Trittfl\u00e4che, Pinanordnung &amp; lange Haltbarkeit) genommen und sie in der Generation IV beibehalten. Zus\u00e4tzlich gibt es folgende Features: neues Design &hellip;<\/p>\n","protected":false},"featured_media":66,"comment_status":"open","ping_status":"closed","template":"","meta":[],"product_cat":[29],"product_tag":[83,78,62,87,75,84,80,283,284,88,82,81,76,79,285,86,85,77],"_links":{"self":[{"href":"https:\/\/www.crowny.de\/index.php?rest_route=\/wp\/v2\/product\/104"}],"collection":[{"href":"https:\/\/www.crowny.de\/index.php?rest_route=\/wp\/v2\/product"}],"about":[{"href":"https:\/\/www.crowny.de\/index.php?rest_route=\/wp\/v2\/types\/product"}],"replies":[{"embeddable":true,"href":"https:\/\/www.crowny.de\/index.php?rest_route=%2Fwp%2Fv2%2Fcomments&post=104"}],"wp:featuredmedia":[{"embeddable":true,"href":"https:\/\/www.crowny.de\/index.php?rest_route=\/wp\/v2\/media\/66"}],"wp:attachment":[{"href":"https:\/\/www.crowny.de\/index.php?rest_route=%2Fwp%2Fv2%2Fmedia&parent=104"}],"wp:term":[{"taxonomy":"product_cat","embeddable":true,"href":"https:\/\/www.crowny.de\/index.php?rest_route=%2Fwp%2Fv2%2Fproduct_cat&post=104"},{"taxonomy":"product_tag","embeddable":true,"href":"https:\/\/www.crowny.de\/index.php?rest_route=%2Fwp%2Fv2%2Fproduct_tag&post=104"}],"curies":[{"name":"wp","href":"https:\/\/api.w.org\/{rel}","templated":true}]}}