{"id":1110,"date":"2020-06-05T22:33:27","date_gmt":"2020-06-05T20:33:27","guid":{"rendered":"https:\/\/www.crowny.de\/?product=burgtec-titan-daempferschraube-fuer-santacruz"},"modified":"2025-07-30T21:29:22","modified_gmt":"2025-07-30T19:29:22","slug":"burgtec-titan-daempferschraube-fuer-santacruz","status":"publish","type":"product","link":"https:\/\/www.crowny.de\/?product=burgtec-titan-daempferschraube-fuer-santacruz","title":{"rendered":"BURGTEC Titan-D\u00e4mpferschraube f\u00fcr SantaCruz"},"content":{"rendered":"<p>Titan-D\u00e4mpferschrauben f\u00fcr dein SANTA CRUZ!<\/p>\n<p>Wir m\u00f6chten dieses Upgrade nicht nur den Pros vorbehalten, sondern auch Dir!<\/p>\n<p>Du sparst 18g gegen\u00fcber den normalen Schrauben.<\/p>\n<p>Gefertigt aus 6AL-4V (Grade 5) Titanium.<\/p>\n<p>&nbsp;<\/p>\n<p><strong><span style=\"text-decoration: underline;\">Varianten<\/span><\/strong>:<\/p>\n<p><span style=\"color: #ffff99;\"><strong>Set 1<\/strong><\/span> (enth\u00e4lt je 1x 35mm &amp; 1x 43mm Schraube) passend f\u00fcr:<br \/>\n5010 V3<br \/>\nBronson\/Roubion V3<br \/>\nNomad V4<br \/>\nHightower\/Maverick V2<br \/>\nMegatower V1<\/p>\n<p><span style=\"color: #ffff99;\"><strong>Set 2<\/strong><\/span> (enth\u00e4lt 2x 35mm Schrauben) passend f\u00fcr:<br \/>\nBlur V4<br \/>\ndie meisten Santa Cruz&#8217;s R\u00e4der vor 2017<\/p>\n<p><span style=\"color: #ffff99;\"><strong>Set 3<\/strong><\/span> (enth\u00e4lt je 1x 40mm\u00a0 &amp; 1x 43mm Schraube) passend f\u00fcr:<br \/>\nTallboy\/Joplin V4<br \/>\n5010\/Furtado V4<br \/>\nNomad V5<\/p>\n<p><span style=\"color: #ffff99;\"><strong>Set 4<\/strong><\/span> (enth\u00e4lt je 1x 35mm\u00a0 &amp; 1x 50mm Schraube) passend f\u00fcr:<br \/>\nHeckler E-Bike<br \/>\nHeckler E-Bike MX<\/p>\n<p><span style=\"color: #ffff99;\"><strong>Set 5<\/strong> <\/span>(enth\u00e4lt je 1x 43mm\u00a0 &amp; 1x 50mm Schraube) passend f\u00fcr:<br \/>\nBullit MX V3<\/p>\n<p><span style=\"color: #ffff99;\"><strong>Set 6<\/strong><\/span> (enth\u00e4lt 2x 45mm Schraube) passend f\u00fcr:<br \/>\nBronson V4<br \/>\nHeckler V9<br \/>\nMegatower V2<br \/>\nNomad V6<\/p>\n<p><span style=\"color: #ffff99;\"><strong>Set 7<\/strong><\/span> (enth\u00e4lt je 1x 43mm\u00a0 &amp; 1x 45mm Schraube) passend f\u00fcr:<br \/>\nHightower V3<br \/>\n5010 V5<br \/>\nTallboy V5<\/p>\n<p>&nbsp;<\/p>\n<p>Drehmomente:<\/p>\n<ul>\n<li>43mm Schraube &#8211; 16-20Nm (abh\u00e4ngig vom Modell)<\/li>\n<li>35mm Schraube &#8211; 16-20Nm (abh\u00e4ngig vom Modell)<\/li>\n<li>40mm Schraube &#8211; 16Nm<\/li>\n<li>45mm Schraube &#8211; 20Nm<\/li>\n<li>50mm Schraube &#8211; 16Nm<\/li>\n<\/ul>\n","protected":false},"excerpt":{"rendered":"<p>upgrade deinen D\u00e4mpfer!<\/p>\n","protected":false},"featured_media":1109,"comment_status":"open","ping_status":"closed","template":"","meta":[],"product_cat":[30,425],"product_tag":[339,334,330,338,336,335,337,329,331,332,333],"_links":{"self":[{"href":"https:\/\/www.crowny.de\/index.php?rest_route=\/wp\/v2\/product\/1110"}],"collection":[{"href":"https:\/\/www.crowny.de\/index.php?rest_route=\/wp\/v2\/product"}],"about":[{"href":"https:\/\/www.crowny.de\/index.php?rest_route=\/wp\/v2\/types\/product"}],"replies":[{"embeddable":true,"href":"https:\/\/www.crowny.de\/index.php?rest_route=%2Fwp%2Fv2%2Fcomments&post=1110"}],"wp:featuredmedia":[{"embeddable":true,"href":"https:\/\/www.crowny.de\/index.php?rest_route=\/wp\/v2\/media\/1109"}],"wp:attachment":[{"href":"https:\/\/www.crowny.de\/index.php?rest_route=%2Fwp%2Fv2%2Fmedia&parent=1110"}],"wp:term":[{"taxonomy":"product_cat","embeddable":true,"href":"https:\/\/www.crowny.de\/index.php?rest_route=%2Fwp%2Fv2%2Fproduct_cat&post=1110"},{"taxonomy":"product_tag","embeddable":true,"href":"https:\/\/www.crowny.de\/index.php?rest_route=%2Fwp%2Fv2%2Fproduct_tag&post=1110"}],"curies":[{"name":"wp","href":"https:\/\/api.w.org\/{rel}","templated":true}]}}