{"id":1238,"date":"2020-07-17T19:45:01","date_gmt":"2020-07-17T17:45:01","guid":{"rendered":"https:\/\/www.crowny.de\/?product=burgtec-ridewide-dh-alu-lenker"},"modified":"2025-07-09T13:50:22","modified_gmt":"2025-07-09T11:50:22","slug":"burgtec-ridewide-dh-alu-lenker","status":"publish","type":"product","link":"https:\/\/www.crowny.de\/?product=burgtec-ridewide-dh-alu-lenker","title":{"rendered":"BURGTEC RideWide DH Alu Lenker"},"content":{"rendered":"<p><b>Der BURGTEC RIdeWide Downhill Lenker wurde f\u00fcr die h\u00e4rtesten und forderndsten Downhill-Weltcup-Strecken konzipiert.<br \/>\n<\/b><\/p>\n<p><span style=\"font-family: Verdana; font-size: small;\"><span style=\"color: #ffff00;\">Details<\/span><\/span><\/p>\n<ul>\n<li><b>800mm<\/b> breit<\/li>\n<li>9\u00b0 backsweep<\/li>\n<li>5\u00b0 upsweep<\/li>\n<li>erh\u00e4ltlich mit \u00d831,8mm oder \u00d835mm Lenkerklemmung<\/li>\n<li>in <strong>15mm<\/strong>, <b>22,5mm oder 30mm<\/b> Rise<\/li>\n<li>angezeichnete Schnittmarken zum einfach K\u00fcrzen<\/li>\n<li>Gewicht \u00d831.8mm, 15mm rise: 340g, 30mm rise: 350g<\/li>\n<li>Gewicht \u00d835mm, 15mm rise: 345g, 30mm rise: 365g<\/li>\n<\/ul>\n","protected":false},"excerpt":{"rendered":"<p>Der BURGTEC RIdeWide Downhill Lenker wurde f\u00fcr die h\u00e4rtesten und forderndsten Downhill-Weltcup-Strecken konzipiert. Details 800mm breit 9\u00b0 backsweep 5\u00b0 upsweep erh\u00e4ltlich mit \u00d831,8mm oder \u00d835mm Lenkerklemmung in 15mm, 22,5mm oder 30mm Rise angezeichnete Schnittmarken zum einfach K\u00fcrzen Gewicht \u00d831.8mm, 15mm rise: 340g, 30mm rise: 350g Gewicht \u00d835mm, 15mm rise: 345g, 30mm rise: 365g<\/p>\n","protected":false},"featured_media":1245,"comment_status":"open","ping_status":"closed","template":"","meta":[],"product_cat":[324,89],"product_tag":[132,344,131,345,133,128,62,127,126,129,134],"_links":{"self":[{"href":"https:\/\/www.crowny.de\/index.php?rest_route=\/wp\/v2\/product\/1238"}],"collection":[{"href":"https:\/\/www.crowny.de\/index.php?rest_route=\/wp\/v2\/product"}],"about":[{"href":"https:\/\/www.crowny.de\/index.php?rest_route=\/wp\/v2\/types\/product"}],"replies":[{"embeddable":true,"href":"https:\/\/www.crowny.de\/index.php?rest_route=%2Fwp%2Fv2%2Fcomments&post=1238"}],"wp:featuredmedia":[{"embeddable":true,"href":"https:\/\/www.crowny.de\/index.php?rest_route=\/wp\/v2\/media\/1245"}],"wp:attachment":[{"href":"https:\/\/www.crowny.de\/index.php?rest_route=%2Fwp%2Fv2%2Fmedia&parent=1238"}],"wp:term":[{"taxonomy":"product_cat","embeddable":true,"href":"https:\/\/www.crowny.de\/index.php?rest_route=%2Fwp%2Fv2%2Fproduct_cat&post=1238"},{"taxonomy":"product_tag","embeddable":true,"href":"https:\/\/www.crowny.de\/index.php?rest_route=%2Fwp%2Fv2%2Fproduct_tag&post=1238"}],"curies":[{"name":"wp","href":"https:\/\/api.w.org\/{rel}","templated":true}]}}