{"id":132,"date":"2015-10-12T16:13:52","date_gmt":"2015-10-12T14:13:52","guid":{"rendered":"http:\/\/2016.crowny.de\/wp\/?post_type=product&#038;p=132"},"modified":"2026-03-09T14:39:31","modified_gmt":"2026-03-09T13:39:31","slug":"burgtec-offset-daempferbuchsen","status":"publish","type":"product","link":"https:\/\/www.crowny.de\/?product=burgtec-offset-daempferbuchsen","title":{"rendered":"BURGTEC Offset-D\u00e4mpferbuchse"},"content":{"rendered":"<p>Statt klassischer D\u00e4mpferbuchsen verwendet man solche, bei denen die Bohrung exzentrisch liegt, wodurch sich die effektive Einbaul\u00e4nge des D\u00e4mpfers verringert. Die Konsequenz: Flachere Winkel, tieferes Tretlager. Bei umgedrehter Verwendung der Exzenter k\u00f6nnen nat\u00fcrlich auch steilere Winkel und ein h\u00f6heres Tretlager realisiert werden.<br \/>\nDie Buchsen passen f\u00fcr alle 1\/2\u2033 D\u00e4mpferaugen f\u00fcr Fox, Marzocchi, Rock Shox ab 2008.<br \/>\nEffektiv kannst du die Einbaul\u00e4nge deines D\u00e4mpfers pro Buchse um 1.5mm reduzieren.<\/p>\n<p>&#8211; exzentrisches D\u00e4mpferbuchsen-Set zur Feinabstimmung des Lenkwinkels bzw. der Geometrie<br \/>\n&#8211; Einzelbuchse (f\u00fcr einen D\u00e4mpfer werden 2 Buchsen ben\u00f6tigt)<br \/>\n&#8211; Material: Titan<\/p>\n","protected":false},"excerpt":{"rendered":"<p>pro St\u00fcck<\/p>\n<p>&nbsp;<\/p>\n","protected":false},"featured_media":58,"comment_status":"open","ping_status":"closed","template":"","meta":[],"product_cat":[33],"product_tag":[73,62,64,65,72,74,71,67,70,66,63,68,69],"_links":{"self":[{"href":"https:\/\/www.crowny.de\/index.php?rest_route=\/wp\/v2\/product\/132"}],"collection":[{"href":"https:\/\/www.crowny.de\/index.php?rest_route=\/wp\/v2\/product"}],"about":[{"href":"https:\/\/www.crowny.de\/index.php?rest_route=\/wp\/v2\/types\/product"}],"replies":[{"embeddable":true,"href":"https:\/\/www.crowny.de\/index.php?rest_route=%2Fwp%2Fv2%2Fcomments&post=132"}],"wp:featuredmedia":[{"embeddable":true,"href":"https:\/\/www.crowny.de\/index.php?rest_route=\/wp\/v2\/media\/58"}],"wp:attachment":[{"href":"https:\/\/www.crowny.de\/index.php?rest_route=%2Fwp%2Fv2%2Fmedia&parent=132"}],"wp:term":[{"taxonomy":"product_cat","embeddable":true,"href":"https:\/\/www.crowny.de\/index.php?rest_route=%2Fwp%2Fv2%2Fproduct_cat&post=132"},{"taxonomy":"product_tag","embeddable":true,"href":"https:\/\/www.crowny.de\/index.php?rest_route=%2Fwp%2Fv2%2Fproduct_tag&post=132"}],"curies":[{"name":"wp","href":"https:\/\/api.w.org\/{rel}","templated":true}]}}