{"id":1327,"date":"2020-09-26T12:00:07","date_gmt":"2020-09-26T10:00:07","guid":{"rendered":"https:\/\/www.crowny.de\/?product=the-cloud-boost-sattel"},"modified":"2025-07-13T22:41:16","modified_gmt":"2025-07-13T20:41:16","slug":"the-cloud-boost-sattel","status":"publish","type":"product","link":"https:\/\/www.crowny.de\/?product=the-cloud-boost-sattel","title":{"rendered":"The Cloud Boost Sattel"},"content":{"rendered":"<p>Der Cloud Boost Sattel wurde speziell f\u00fcr Dirtjumpen, Jib Sessions und zahlreiche Runden im Bikepark designed.<\/p>\n<p>TheCloudBoost bringt Dir unendlichen Spa\u00df und absolutes Vergn\u00fcgen.<\/p>\n<ul>\n<li>geformte Plastik-Sitzschale<\/li>\n<li>komfortabler Sitzschaum mittlerer Konsistenz<\/li>\n<li>schmales und flaches Profil<\/li>\n<li>gestickte Logos<\/li>\n<li>griffiges Material<\/li>\n<li>CroMo Gestell<\/li>\n<li>243mm lang, 135mm breit<\/li>\n<li>260 Gramm<\/li>\n<\/ul>\n<p>&nbsp;<\/p>\n","protected":false},"excerpt":{"rendered":"<p>Der Cloud Boost Sattel wurde speziell f\u00fcr Dirtjumpen, Jib Sessions und zahlreiche Runden im Bikepark designed. TheCloudBoost bringt Dir unendlichen Spa\u00df und absolutes Vergn\u00fcgen. geformte Plastik-Sitzschale komfortabler Sitzschaum mittlerer Konsistenz schmales und flaches Profil gestickte Logos griffiges Material CroMo Gestell 243mm lang, 135mm breit 260 Gramm &nbsp;<\/p>\n","protected":false},"featured_media":1315,"comment_status":"open","ping_status":"closed","template":"","meta":[],"product_cat":[357],"product_tag":[447,446,448,370,363,364,371,365,260,362,361],"_links":{"self":[{"href":"https:\/\/www.crowny.de\/index.php?rest_route=\/wp\/v2\/product\/1327"}],"collection":[{"href":"https:\/\/www.crowny.de\/index.php?rest_route=\/wp\/v2\/product"}],"about":[{"href":"https:\/\/www.crowny.de\/index.php?rest_route=\/wp\/v2\/types\/product"}],"replies":[{"embeddable":true,"href":"https:\/\/www.crowny.de\/index.php?rest_route=%2Fwp%2Fv2%2Fcomments&post=1327"}],"wp:featuredmedia":[{"embeddable":true,"href":"https:\/\/www.crowny.de\/index.php?rest_route=\/wp\/v2\/media\/1315"}],"wp:attachment":[{"href":"https:\/\/www.crowny.de\/index.php?rest_route=%2Fwp%2Fv2%2Fmedia&parent=1327"}],"wp:term":[{"taxonomy":"product_cat","embeddable":true,"href":"https:\/\/www.crowny.de\/index.php?rest_route=%2Fwp%2Fv2%2Fproduct_cat&post=1327"},{"taxonomy":"product_tag","embeddable":true,"href":"https:\/\/www.crowny.de\/index.php?rest_route=%2Fwp%2Fv2%2Fproduct_tag&post=1327"}],"curies":[{"name":"wp","href":"https:\/\/api.w.org\/{rel}","templated":true}]}}