{"id":1356,"date":"2020-11-15T18:30:33","date_gmt":"2020-11-15T17:30:33","guid":{"rendered":"https:\/\/www.crowny.de\/?product=burgtec-crew-socken"},"modified":"2023-04-15T21:19:50","modified_gmt":"2023-04-15T19:19:50","slug":"burgtec-crew-socken","status":"publish","type":"product","link":"https:\/\/www.crowny.de\/?product=burgtec-crew-socken","title":{"rendered":"BURGTEC Crew Socken"},"content":{"rendered":"<div class=\"builder-section-content\">\n<div id=\"builder-section-1444588355860-column-1\" class=\"builder-text-column builder-text-column-1\">\n<div class=\"builder-text-content\">\n<div class=\"builder-section-content\">\n<div id=\"builder-section-1444588355860-column-1\" class=\"builder-text-column builder-text-column-1\">\n<div class=\"builder-text-content\">Die perfekte Mischung aus gek\u00e4mmter Baumwolle und Dehnbarkeit, um die Soche sch\u00f6n am Kn\u00f6chel zu halten.<\/div>\n<div class=\"builder-text-content\">Unsere Everyday Crew Socken bieten eine atmungsaktive,\u00a0 gepolsterte und bequeme Passform zum Shredden, Chillen und f\u00fcr alle anderen Anforderungen &#8211; tagein, tagaus.<\/div>\n<div class=\"builder-text-content\">&#8211; elastisch am Fu\u00dfspann<\/div>\n<div class=\"builder-text-content\">&#8211; verst\u00e4rkte Fersen und Zehen<\/div>\n<div class=\"builder-text-content\">&#8211; kalt waschen, hart shredden!<\/div>\n<\/div>\n<\/div>\n<div class=\"builder-text-content\"><\/div>\n<div class=\"builder-text-content\">Zusammensetzung: 80% gek\u00e4mmte Baumwolle, 15% Polyester, 3% Elasthan, 2% Nylon<\/div>\n<div class=\"builder-section-content\">\n<div id=\"builder-section-1444588355860-column-1\" class=\"builder-text-column builder-text-column-1\">\n<div class=\"builder-text-content\"><\/div>\n<div class=\"builder-text-content\">verf\u00fcgbare Farben: schwarz, wei\u00df, grau, weintraube<\/div>\n<\/div>\n<\/div>\n<\/div>\n<\/div>\n<\/div>\n","protected":false},"excerpt":{"rendered":"<p>Pack deine F\u00fc\u00dfe ordentlich ein!<\/p>\n","protected":false},"featured_media":1369,"comment_status":"open","ping_status":"closed","template":"","meta":[],"product_cat":[255],"product_tag":[442,443,374,444,373,441,372],"_links":{"self":[{"href":"https:\/\/www.crowny.de\/index.php?rest_route=\/wp\/v2\/product\/1356"}],"collection":[{"href":"https:\/\/www.crowny.de\/index.php?rest_route=\/wp\/v2\/product"}],"about":[{"href":"https:\/\/www.crowny.de\/index.php?rest_route=\/wp\/v2\/types\/product"}],"replies":[{"embeddable":true,"href":"https:\/\/www.crowny.de\/index.php?rest_route=%2Fwp%2Fv2%2Fcomments&post=1356"}],"wp:featuredmedia":[{"embeddable":true,"href":"https:\/\/www.crowny.de\/index.php?rest_route=\/wp\/v2\/media\/1369"}],"wp:attachment":[{"href":"https:\/\/www.crowny.de\/index.php?rest_route=%2Fwp%2Fv2%2Fmedia&parent=1356"}],"wp:term":[{"taxonomy":"product_cat","embeddable":true,"href":"https:\/\/www.crowny.de\/index.php?rest_route=%2Fwp%2Fv2%2Fproduct_cat&post=1356"},{"taxonomy":"product_tag","embeddable":true,"href":"https:\/\/www.crowny.de\/index.php?rest_route=%2Fwp%2Fv2%2Fproduct_tag&post=1356"}],"curies":[{"name":"wp","href":"https:\/\/api.w.org\/{rel}","templated":true}]}}