{"id":1628,"date":"2021-04-28T09:45:31","date_gmt":"2021-04-28T07:45:31","guid":{"rendered":"https:\/\/www.crowny.de\/?product=burgtec-wartungs-set-fuer-penthouse-flats-mk-4-copy"},"modified":"2023-11-03T11:27:27","modified_gmt":"2023-11-03T10:27:27","slug":"burgtec-wartungs-set-fuer-penthouse-flats-mk-4-copy","status":"publish","type":"product","link":"https:\/\/www.crowny.de\/?product=burgtec-wartungs-set-fuer-penthouse-flats-mk-4-copy","title":{"rendered":"BURGTEC Wartungs-Set f\u00fcr Penthouse Flats Mk.5"},"content":{"rendered":"<p>Alle Kraft aus deinen Beinen bekommen zuerst deine Pedale ab. Deshalb solltest du ihnen bei Bedarf einen Service g\u00f6nnen. Unsere <a href=\"https:\/\/www.crowny.de\/?product=penthouse-mk5\" target=\"_blank\" rel=\"noopener\">Mk.5 Pedale<\/a> sind einfach zu warten. Ein komplettes Wartungs-Set reicht f\u00fcr zwei Mk.5 Pedale und beinhaltet alles &#8211;<\/p>\n<p>2x Gleitlager gro\u00df<br \/>\n2x Gleitlager klein<br \/>\n2x Rillenkugellager<br \/>\n2x Dichtungen<br \/>\n2x Muttern<br \/>\n2x Beilagscheiben<\/p>\n<p>&#8211; um deinen zuverl\u00e4ssigen Lieblingspedalen neues Leben einzuhauchen!<\/p>\n","protected":false},"excerpt":{"rendered":"<p>Alle Kraft aus deinen Beinen bekommen zuerst deine Pedale ab. Deshalb solltest du ihnen bei Bedarf einen Service g\u00f6nnen. Unsere Mk.5 Pedale sind einfach zu warten. Ein komplettes Wartungs-Set reicht f\u00fcr zwei Mk.5 Pedale und beinhaltet alles &#8211; 2x Gleitlager gro\u00df 2x Gleitlager klein 2x Rillenkugellager 2x Dichtungen 2x Muttern 2x Beilagscheiben &#8211; um deinen &hellip;<\/p>\n","protected":false},"featured_media":233,"comment_status":"open","ping_status":"closed","template":"","meta":[],"product_cat":[30],"product_tag":[],"_links":{"self":[{"href":"https:\/\/www.crowny.de\/index.php?rest_route=\/wp\/v2\/product\/1628"}],"collection":[{"href":"https:\/\/www.crowny.de\/index.php?rest_route=\/wp\/v2\/product"}],"about":[{"href":"https:\/\/www.crowny.de\/index.php?rest_route=\/wp\/v2\/types\/product"}],"replies":[{"embeddable":true,"href":"https:\/\/www.crowny.de\/index.php?rest_route=%2Fwp%2Fv2%2Fcomments&post=1628"}],"wp:featuredmedia":[{"embeddable":true,"href":"https:\/\/www.crowny.de\/index.php?rest_route=\/wp\/v2\/media\/233"}],"wp:attachment":[{"href":"https:\/\/www.crowny.de\/index.php?rest_route=%2Fwp%2Fv2%2Fmedia&parent=1628"}],"wp:term":[{"taxonomy":"product_cat","embeddable":true,"href":"https:\/\/www.crowny.de\/index.php?rest_route=%2Fwp%2Fv2%2Fproduct_cat&post=1628"},{"taxonomy":"product_tag","embeddable":true,"href":"https:\/\/www.crowny.de\/index.php?rest_route=%2Fwp%2Fv2%2Fproduct_tag&post=1628"}],"curies":[{"name":"wp","href":"https:\/\/api.w.org\/{rel}","templated":true}]}}