{"id":1954,"date":"2022-02-02T19:04:33","date_gmt":"2022-02-02T18:04:33","guid":{"rendered":"https:\/\/www.crowny.de\/?product=burgtec-titanschrauben-evil-umlenkung"},"modified":"2025-08-22T12:56:12","modified_gmt":"2025-08-22T10:56:12","slug":"burgtec-titanschrauben-evil-umlenkung","status":"publish","type":"product","link":"https:\/\/www.crowny.de\/?product=burgtec-titanschrauben-evil-umlenkung","title":{"rendered":"BURGTEC Titanschrauben, EVIL Umlenkung"},"content":{"rendered":"<p>Best\u00fccke dein D.E.L.T.A- System mit unseren \u00fcbertrieben guten Titanschrauben f\u00fcr die Umlenkung!<\/p>\n<p>Wir m\u00f6chten dieses Upgrade nicht nur den Pros vorbehalten, sondern auch Dir!<\/p>\n<p>Du sparst 18g gegen\u00fcber den normalen Schrauben.<\/p>\n<p>Gefertigt aus 6AL-4V (Grade 5) Titanium.<\/p>\n<p>&nbsp;<\/p>\n<p><strong><span style=\"text-decoration: underline;\">Varianten<\/span><\/strong>:<\/p>\n<ul>\n<li><strong>Komplettset<\/strong> mit 10 Schrauben, oder<\/li>\n<li>einzelne Schrauben<\/li>\n<\/ul>\n<p>passend f\u00fcr: Insurgent V1, Insurgent LB, Insurgent V3, Wreckoning V1, Wreckoning LB, Wreckoning V3, Calling, Offering, Offering V2, Following V1 (ben\u00f6tigt nur 4 St\u00fcck f\u00fcrs Linkage), Following MB und Following V3<\/p>\n","protected":false},"excerpt":{"rendered":"<p>Upgrade f\u00fcr Dein EVIL!<\/p>\n","protected":false},"featured_media":1961,"comment_status":"open","ping_status":"closed","template":"","meta":[],"product_cat":[30,425],"product_tag":[422,414,407,421,420,418,417,419,409,408,410,415,416,423,412,411,413],"_links":{"self":[{"href":"https:\/\/www.crowny.de\/index.php?rest_route=\/wp\/v2\/product\/1954"}],"collection":[{"href":"https:\/\/www.crowny.de\/index.php?rest_route=\/wp\/v2\/product"}],"about":[{"href":"https:\/\/www.crowny.de\/index.php?rest_route=\/wp\/v2\/types\/product"}],"replies":[{"embeddable":true,"href":"https:\/\/www.crowny.de\/index.php?rest_route=%2Fwp%2Fv2%2Fcomments&post=1954"}],"wp:featuredmedia":[{"embeddable":true,"href":"https:\/\/www.crowny.de\/index.php?rest_route=\/wp\/v2\/media\/1961"}],"wp:attachment":[{"href":"https:\/\/www.crowny.de\/index.php?rest_route=%2Fwp%2Fv2%2Fmedia&parent=1954"}],"wp:term":[{"taxonomy":"product_cat","embeddable":true,"href":"https:\/\/www.crowny.de\/index.php?rest_route=%2Fwp%2Fv2%2Fproduct_cat&post=1954"},{"taxonomy":"product_tag","embeddable":true,"href":"https:\/\/www.crowny.de\/index.php?rest_route=%2Fwp%2Fv2%2Fproduct_tag&post=1954"}],"curies":[{"name":"wp","href":"https:\/\/api.w.org\/{rel}","templated":true}]}}