{"id":2013,"date":"2022-03-07T18:24:22","date_gmt":"2022-03-07T17:24:22","guid":{"rendered":"https:\/\/www.crowny.de\/?product=burgtec-titanschrauben-fuer-evil-daempfer"},"modified":"2025-11-10T08:00:40","modified_gmt":"2025-11-10T07:00:40","slug":"burgtec-titanschrauben-fuer-evil-daempfer","status":"publish","type":"product","link":"https:\/\/www.crowny.de\/?product=burgtec-titanschrauben-fuer-evil-daempfer","title":{"rendered":"BURGTEC Titanschrauben f\u00fcr EVIL D\u00e4mpfer"},"content":{"rendered":"<p>Best\u00fccke dein D.E.L.T.A- System mit unseren \u00fcbertrieben guten Titanschrauben f\u00fcr die Umlenkung!<\/p>\n<p>Wir m\u00f6chten dieses Upgrade nicht nur den Pros vorbehalten, sondern auch Dir!<\/p>\n<p>Du sparst 18g gegen\u00fcber den normalen Schrauben.<\/p>\n<p>Gefertigt aus 6AL-4V (Grade 5) Titanium.<\/p>\n<p>&nbsp;<\/p>\n<p><strong><span style=\"text-decoration: underline;\">Varianten<\/span><\/strong>:<\/p>\n<ul>\n<li><strong>Komplettset<\/strong> enth\u00e4lt 2x Trunnion Schraube, 1x untere D\u00e4mpferschraube<\/li>\n<li>2x Trunnion<\/li>\n<li>1x untere D\u00e4mpferschraube<\/li>\n<\/ul>\n<p>passend f\u00fcr:<\/p>\n<ul>\n<li>Following V4 (2021)<\/li>\n<li>Wreckoning V3 (2021)<\/li>\n<li>Offering V1, Offering V2 (2021)<\/li>\n<li>Insurgent V4 (2021)<\/li>\n<\/ul>\n<p>WICHTIG: Niemals das max. empfohlene Drehmoment von 9,6Nm \u00fcberschreiten!<\/p>\n","protected":false},"excerpt":{"rendered":"<p>Upgrade f\u00fcr Dein EVIL!<\/p>\n","protected":false},"featured_media":2019,"comment_status":"open","ping_status":"closed","template":"","meta":[],"product_cat":[30,425],"product_tag":[414,438,407,418,417,419,409,408,410,415,416,69,439,412,411,413],"_links":{"self":[{"href":"https:\/\/www.crowny.de\/index.php?rest_route=\/wp\/v2\/product\/2013"}],"collection":[{"href":"https:\/\/www.crowny.de\/index.php?rest_route=\/wp\/v2\/product"}],"about":[{"href":"https:\/\/www.crowny.de\/index.php?rest_route=\/wp\/v2\/types\/product"}],"replies":[{"embeddable":true,"href":"https:\/\/www.crowny.de\/index.php?rest_route=%2Fwp%2Fv2%2Fcomments&post=2013"}],"wp:featuredmedia":[{"embeddable":true,"href":"https:\/\/www.crowny.de\/index.php?rest_route=\/wp\/v2\/media\/2019"}],"wp:attachment":[{"href":"https:\/\/www.crowny.de\/index.php?rest_route=%2Fwp%2Fv2%2Fmedia&parent=2013"}],"wp:term":[{"taxonomy":"product_cat","embeddable":true,"href":"https:\/\/www.crowny.de\/index.php?rest_route=%2Fwp%2Fv2%2Fproduct_cat&post=2013"},{"taxonomy":"product_tag","embeddable":true,"href":"https:\/\/www.crowny.de\/index.php?rest_route=%2Fwp%2Fv2%2Fproduct_tag&post=2013"}],"curies":[{"name":"wp","href":"https:\/\/api.w.org\/{rel}","templated":true}]}}