{"id":210,"date":"2015-10-12T19:51:51","date_gmt":"2015-10-12T17:51:51","guid":{"rendered":"http:\/\/2016.crowny.de\/wp\/?post_type=product&#038;p=210"},"modified":"2020-05-12T18:53:35","modified_gmt":"2020-05-12T16:53:35","slug":"burgtec-directmount-vorbau","status":"publish","type":"product","link":"https:\/\/www.crowny.de\/?product=burgtec-directmount-vorbau","title":{"rendered":"BURGTEC DirectMount Vorbau v2"},"content":{"rendered":"<p><span style=\"font-size: small;\">Der komplett neu entwickelte und designte BURGTEC Vorbau zur Direktmontage ist fertig!<br \/>\n<\/span><span style=\"font-size: small;\"><br \/>\n<\/span><span style=\"font-family: Verdana; font-size: small;\"><span style=\"color: #ffff00;\">Spezifikation<\/span><\/span><\/p>\n<p>* passend f\u00fcr RockShox BOXXER und FOX40 Aufnahme<br \/>\n* aus h\u00f6chst festem 608 T6 Aluminium gefr\u00e4st<br \/>\n* kein Ve<span style=\"font-family: Verdana; font-size: small;\">r<\/span><span style=\"font-family: Verdana; font-size: small;\">drehen des Vorbaus nach einem Sturz<br \/>\n* L\u00e4nge: 40mm oder 50mm<br \/>\n* f\u00fcr oversize (31.8mm) Lenkerklemmung<br \/>\n* inkl. 8 hochwertiger Schrauben<br \/>\n* sensationelles Gewicht: 140g &#8211; 50mm<br \/>\n* Burgtec Schwarz<br \/>\n* Made in the U.K.<\/span><\/p>\n","protected":false},"excerpt":{"rendered":"<p>Der komplett neu entwickelte und designte BURGTEC Vorbau zur Direktmontage ist fertig! Spezifikation * passend f\u00fcr RockShox BOXXER und FOX40 Aufnahme * aus h\u00f6chst festem 608 T6 Aluminium gefr\u00e4st * kein Verdrehen des Vorbaus nach einem Sturz * L\u00e4nge: 40mm oder 50mm * f\u00fcr oversize (31.8mm) Lenkerklemmung * inkl. 8 hochwertiger Schrauben * sensationelles Gewicht: &hellip;<\/p>\n","protected":false},"featured_media":245,"comment_status":"open","ping_status":"closed","template":"","meta":[],"product_cat":[324,32],"product_tag":[98,104,105,103,100,96,78,62,99,93,95,90,74,97,101,102,94,68,91,92],"_links":{"self":[{"href":"https:\/\/www.crowny.de\/index.php?rest_route=\/wp\/v2\/product\/210"}],"collection":[{"href":"https:\/\/www.crowny.de\/index.php?rest_route=\/wp\/v2\/product"}],"about":[{"href":"https:\/\/www.crowny.de\/index.php?rest_route=\/wp\/v2\/types\/product"}],"replies":[{"embeddable":true,"href":"https:\/\/www.crowny.de\/index.php?rest_route=%2Fwp%2Fv2%2Fcomments&post=210"}],"wp:featuredmedia":[{"embeddable":true,"href":"https:\/\/www.crowny.de\/index.php?rest_route=\/wp\/v2\/media\/245"}],"wp:attachment":[{"href":"https:\/\/www.crowny.de\/index.php?rest_route=%2Fwp%2Fv2%2Fmedia&parent=210"}],"wp:term":[{"taxonomy":"product_cat","embeddable":true,"href":"https:\/\/www.crowny.de\/index.php?rest_route=%2Fwp%2Fv2%2Fproduct_cat&post=210"},{"taxonomy":"product_tag","embeddable":true,"href":"https:\/\/www.crowny.de\/index.php?rest_route=%2Fwp%2Fv2%2Fproduct_tag&post=210"}],"curies":[{"name":"wp","href":"https:\/\/api.w.org\/{rel}","templated":true}]}}