{"id":259,"date":"2015-10-12T20:06:53","date_gmt":"2015-10-12T18:06:53","guid":{"rendered":"http:\/\/2016.crowny.de\/wp\/?post_type=product&#038;p=259"},"modified":"2023-10-25T20:44:35","modified_gmt":"2023-10-25T18:44:35","slug":"burgtec-enduro-vorbau-ii","status":"publish","type":"product","link":"https:\/\/www.crowny.de\/?product=burgtec-enduro-vorbau-ii","title":{"rendered":"BURGTEC Enduro Vorbau II"},"content":{"rendered":"<p>Der komplett \u00fcberarbeitete BURGTEC Enduro MK2 Vorbau wurde f\u00fcr alle Herausforderungen des modernen Enduro-Schw\u00f6rens gefertigt und h\u00e4lt dich trotz seiner leichten und steifen Bauweise auch auf den h\u00e4rtesten Abfahrten sicher auf Kurs!<\/p>\n<p><span style=\"color: #ffff00;\">Spezifikation<\/span><\/p>\n<p>* passend f\u00fcr 1 1\/8&#8243; Gabelsch\u00e4fte<br \/>\n* L\u00e4nge: 35mm, 42.5mm oder 50mm<br \/>\n* aus h\u00f6chst festem 608 T6 Aluminium gefr\u00e4st<br \/>\n* 31.8mm Lenkerklemmung in den Farben Burgtec Schwarz, <span style=\"color: #0000ff;\">Tiefblau<\/span> oder <span style=\"color: #ff0000;\">Wettkampf-Rot<\/span><br \/>\n* 35mm Lenkerklemmung in den Farben Burgtec Schwarz, <span style=\"color: #ff00ff;\">Purpur<\/span>\u00a0 <span style=\"color: #c98600;\">Bronze<\/span> (\u00e4hnl. Kashima), <span style=\"color: #ff9900;\">Iron Bro Orange<\/span> oder <span style=\"color: #e3e3e3;\">silber<\/span><br \/>\n* inkl. 6 hochwertiger Schrauben, einfach mit 4mm Inbusschl\u00fcssel zu benutzen<br \/>\n* sensationelles Gewicht: 120g &#8211; 35mm, 135g &#8211; 50mm (31.8mm Klemmung)<br \/>\n* liebevolle Lasergrafik<\/p>\n","protected":false},"excerpt":{"rendered":"<p>Der komplett \u00fcberarbeitete BURGTEC Enduro MK2 Vorbau wurde f\u00fcr alle Herausforderungen des modernen Enduro-Schw\u00f6rens gefertigt und h\u00e4lt dich trotz seiner leichten und steifen Bauweise auch auf den h\u00e4rtesten Abfahrten sicher auf Kurs! Spezifikation * passend f\u00fcr 1 1\/8&#8243; Gabelsch\u00e4fte * L\u00e4nge: 35mm, 42.5mm oder 50mm * aus h\u00f6chst festem 608 T6 Aluminium gefr\u00e4st * 31.8mm &hellip;<\/p>\n","protected":false},"featured_media":255,"comment_status":"open","ping_status":"closed","template":"","meta":[],"product_cat":[32],"product_tag":[109,108,110,78,62,311,111,106,113,114,283,284,112,107,313,285,310,312,92],"_links":{"self":[{"href":"https:\/\/www.crowny.de\/index.php?rest_route=\/wp\/v2\/product\/259"}],"collection":[{"href":"https:\/\/www.crowny.de\/index.php?rest_route=\/wp\/v2\/product"}],"about":[{"href":"https:\/\/www.crowny.de\/index.php?rest_route=\/wp\/v2\/types\/product"}],"replies":[{"embeddable":true,"href":"https:\/\/www.crowny.de\/index.php?rest_route=%2Fwp%2Fv2%2Fcomments&post=259"}],"wp:featuredmedia":[{"embeddable":true,"href":"https:\/\/www.crowny.de\/index.php?rest_route=\/wp\/v2\/media\/255"}],"wp:attachment":[{"href":"https:\/\/www.crowny.de\/index.php?rest_route=%2Fwp%2Fv2%2Fmedia&parent=259"}],"wp:term":[{"taxonomy":"product_cat","embeddable":true,"href":"https:\/\/www.crowny.de\/index.php?rest_route=%2Fwp%2Fv2%2Fproduct_cat&post=259"},{"taxonomy":"product_tag","embeddable":true,"href":"https:\/\/www.crowny.de\/index.php?rest_route=%2Fwp%2Fv2%2Fproduct_tag&post=259"}],"curies":[{"name":"wp","href":"https:\/\/api.w.org\/{rel}","templated":true}]}}