{"id":2633,"date":"2023-09-20T23:17:46","date_gmt":"2023-09-20T21:17:46","guid":{"rendered":"https:\/\/www.crowny.de\/?post_type=product&#038;p=2633"},"modified":"2026-03-18T00:12:17","modified_gmt":"2026-03-17T23:12:17","slug":"burgtec-udh-schaltauge","status":"publish","type":"product","link":"https:\/\/www.crowny.de\/?product=burgtec-udh-schaltauge","title":{"rendered":"BURGTEC UDH Schaltauge"},"content":{"rendered":"<p>Entwickelt, um Tausende verschiedene Schaltaugen durch ein universelles Design zu vereinheitlichen, was jeder H\u00e4ndler bevorraten kann. Unser UDH Schaltauge ist einzigartig geschmiedet und vollst\u00e4ndig aus Aluminium gefertigt, so dass Du das widerstandsf\u00e4higste UDH \u00fcberhaupt erh\u00e4ltst. Wir empfehlen, immer einen UDH zu haben, damit Du keine Ausfahrt verpasst.<\/p>\n<p>Kompatibel mit allen Rahmen, die f\u00fcr die Aufnahme des SRAM UDH ausgelegt sind<br \/>\nKompatibel mit allen MTB- und E-MTB-Antriebssystemen<br \/>\nGeschmiedet und vollst\u00e4ndig bearbeitet aus 7075 Aluminium<br \/>\nWird mit Befestigungsschraube und Unterlegscheibe geliefert<br \/>\nSteckachsengewinde M12 x 1,0<\/p>\n<p>Teilenummer des Herstellers: AC-DRHG-MTB-A1<\/p>\n<p>&nbsp;<\/p>\n<p><span style=\"color: #ffff00;\"><strong>Lieferbar ab sofort!<\/strong><\/span><\/p>\n","protected":false},"excerpt":{"rendered":"<p>Vollendung f\u00fcr deine FOX Gabel!<\/p>\n","protected":false},"featured_media":2695,"comment_status":"open","ping_status":"closed","template":"","meta":[],"product_cat":[494],"product_tag":[442,499,503,500,501,498,496,502,497],"_links":{"self":[{"href":"https:\/\/www.crowny.de\/index.php?rest_route=\/wp\/v2\/product\/2633"}],"collection":[{"href":"https:\/\/www.crowny.de\/index.php?rest_route=\/wp\/v2\/product"}],"about":[{"href":"https:\/\/www.crowny.de\/index.php?rest_route=\/wp\/v2\/types\/product"}],"replies":[{"embeddable":true,"href":"https:\/\/www.crowny.de\/index.php?rest_route=%2Fwp%2Fv2%2Fcomments&post=2633"}],"wp:featuredmedia":[{"embeddable":true,"href":"https:\/\/www.crowny.de\/index.php?rest_route=\/wp\/v2\/media\/2695"}],"wp:attachment":[{"href":"https:\/\/www.crowny.de\/index.php?rest_route=%2Fwp%2Fv2%2Fmedia&parent=2633"}],"wp:term":[{"taxonomy":"product_cat","embeddable":true,"href":"https:\/\/www.crowny.de\/index.php?rest_route=%2Fwp%2Fv2%2Fproduct_cat&post=2633"},{"taxonomy":"product_tag","embeddable":true,"href":"https:\/\/www.crowny.de\/index.php?rest_route=%2Fwp%2Fv2%2Fproduct_tag&post=2633"}],"curies":[{"name":"wp","href":"https:\/\/api.w.org\/{rel}","templated":true}]}}