{"id":266,"date":"2015-10-12T20:18:22","date_gmt":"2015-10-12T18:18:22","guid":{"rendered":"http:\/\/2016.crowny.de\/wp\/?post_type=product&#038;p=266"},"modified":"2026-04-17T02:31:52","modified_gmt":"2026-04-17T00:31:52","slug":"burgtec-directmount-spacer","status":"publish","type":"product","link":"https:\/\/www.crowny.de\/?product=burgtec-directmount-spacer","title":{"rendered":"BURGTEC DirectMount Spacer"},"content":{"rendered":"<p>passend gefr\u00e4ste 5mm hohe Spacer f\u00fcr Directmount-Vorbauten! Simple Modifikation, um die Vorbauh\u00f6he f\u00fcr steile Strecken anzupassen.<br \/>\nDie Platte\/n wird\/werden einfach zwischen Vorbau und Gabelbr\u00fccke gebaut. Inkl. 4 passenden Schrauben.<\/p>\n<p>erh\u00e4ltlich in drei Varianten:<\/p>\n<p>1x 5mm Spacer mit 4 Schrauben M6x30mm<br \/>\n2x 5mm Spacer mit 4 Schrauben M6x35mm<br \/>\n3x 5mm Spacer mit 4 Schrauben M6x40mm<\/p>\n<p><span style=\"color: #ffff00;\">Spezifikation<\/span><\/p>\n<p>* f\u00fcr RockShox BOXXER bzw. FOX40 Aufnahme<br \/>\n* jeweils 5mm H\u00f6he mit gefr\u00e4stem Burgtec Logo<br \/>\n* Burgtec Schwarz<\/p>\n","protected":false},"excerpt":{"rendered":"<p>passend gefr\u00e4ste 5mm hohe Spacer f\u00fcr Directmount-Vorbauten! Simple Modifikation, um die Vorbauh\u00f6he f\u00fcr steile Strecken anzupassen. Die Platte\/n wird\/werden einfach zwischen Vorbau und Gabelbr\u00fccke gebaut. Inkl. 4 passenden Schrauben. erh\u00e4ltlich in drei Varianten: 1x 5mm Spacer mit 4 Schrauben M6x30mm 2x 5mm Spacer mit 4 Schrauben M6x35mm 3x 5mm Spacer mit 4 Schrauben M6x40mm Spezifikation &hellip;<\/p>\n","protected":false},"featured_media":257,"comment_status":"open","ping_status":"closed","template":"","meta":[],"product_cat":[324,30,32],"product_tag":[119,95,118,117,91,92,121,120],"_links":{"self":[{"href":"https:\/\/www.crowny.de\/index.php?rest_route=\/wp\/v2\/product\/266"}],"collection":[{"href":"https:\/\/www.crowny.de\/index.php?rest_route=\/wp\/v2\/product"}],"about":[{"href":"https:\/\/www.crowny.de\/index.php?rest_route=\/wp\/v2\/types\/product"}],"replies":[{"embeddable":true,"href":"https:\/\/www.crowny.de\/index.php?rest_route=%2Fwp%2Fv2%2Fcomments&post=266"}],"wp:featuredmedia":[{"embeddable":true,"href":"https:\/\/www.crowny.de\/index.php?rest_route=\/wp\/v2\/media\/257"}],"wp:attachment":[{"href":"https:\/\/www.crowny.de\/index.php?rest_route=%2Fwp%2Fv2%2Fmedia&parent=266"}],"wp:term":[{"taxonomy":"product_cat","embeddable":true,"href":"https:\/\/www.crowny.de\/index.php?rest_route=%2Fwp%2Fv2%2Fproduct_cat&post=266"},{"taxonomy":"product_tag","embeddable":true,"href":"https:\/\/www.crowny.de\/index.php?rest_route=%2Fwp%2Fv2%2Fproduct_tag&post=266"}],"curies":[{"name":"wp","href":"https:\/\/api.w.org\/{rel}","templated":true}]}}