{"id":2899,"date":"2024-07-26T10:02:01","date_gmt":"2024-07-26T08:02:01","guid":{"rendered":"https:\/\/www.crowny.de\/?post_type=product&#038;p=2899"},"modified":"2025-07-09T13:49:06","modified_gmt":"2025-07-09T11:49:06","slug":"burgtec-bryceland-bartender-pro-griffe","status":"publish","type":"product","link":"https:\/\/www.crowny.de\/?product=burgtec-bryceland-bartender-pro-griffe","title":{"rendered":"BURGTEC &#8220;Bryceland&#8221; Bartender Pro Griffe"},"content":{"rendered":"<p>Rat&#8217;s Fahrstil ist locker und smooth, aber er brauchte einen zuverl\u00e4ssigen Griff, den er einfach hinschrauben kann und nicht weiter dr\u00fcber nachdenken muss. Engineering Gehirne und Bro Wissenschaft schafften einen von Grund auf neuen Griff mit neuen Hybrid-Kern.\u00a0 Dieser vermittelt das Gef\u00fchl eines Push-on Griffs, aber mit der felsenfesten Zuverl\u00e4ssigkeit eines traditionellen Lock-on. Unter deinen drei \u00e4u\u00dferen Mittelhandknochen befindet sich auf der Oberseite des Griffs eine gro\u00dfe, sich verj\u00fcngende Aussparung am Plastikkern. Hier liegt der Gumi direkt am Lenker auf und gibt extra D\u00e4mpfung.<\/p>\n<p>\u201eSchlie\u00dfe Deine Augen, nimm eine Handvoll und Du bist sicher, dass es sich um einen Push-On-Griff handelt\u201c &#8211; Josh Bryceland.<\/p>\n<p>Wir haben verschiedene Lamellendesigns getestet, aber wir sind immer wieder auf die horizontalen Linien zur\u00fcckgekommen, weil sie ein weiches und konsistentes Gef\u00fchl in der Handfl\u00e4che vermitteln. Darunter befindet sich ein alternativer, halbhoher Teil der Lamellen. Dieser kleine, aber wichtige Abschnitt deckt den Bereich ab, aus dem der zus\u00e4tzliche Pop kommt. Ein flacher Flansch ist so konzipiert, dass er den Hebeln nicht im Weg ist und bei Bedarf als Referenz dient.<\/p>\n<ul>\n<li>31mm Durchmesser<\/li>\n<li>30A Gummimischung (eine weichere Mischung ist erh\u00e4ltlich)<\/li>\n<li>129 mm Grifffl\u00e4che (141 mm Gesamtl\u00e4nge)<\/li>\n<li>Einfacher Lock on<\/li>\n<li>Verj\u00fcngter Hybrid-Kern<\/li>\n<\/ul>\n<p>Verf\u00fcgbar <span style=\"color: #ffff00;\">ab sofort<\/span><\/p>\n","protected":false},"excerpt":{"rendered":"<p>Greg Minnaars Signature Griff &#8211; gut genug f\u00fcr Greg, perfekt f\u00fcr dich!<\/p>\n","protected":false},"featured_media":2938,"comment_status":"open","ping_status":"closed","template":"","meta":[],"product_cat":[324,300],"product_tag":[303,453,62,454,518,302,517,301,452,516,304],"_links":{"self":[{"href":"https:\/\/www.crowny.de\/index.php?rest_route=\/wp\/v2\/product\/2899"}],"collection":[{"href":"https:\/\/www.crowny.de\/index.php?rest_route=\/wp\/v2\/product"}],"about":[{"href":"https:\/\/www.crowny.de\/index.php?rest_route=\/wp\/v2\/types\/product"}],"replies":[{"embeddable":true,"href":"https:\/\/www.crowny.de\/index.php?rest_route=%2Fwp%2Fv2%2Fcomments&post=2899"}],"wp:featuredmedia":[{"embeddable":true,"href":"https:\/\/www.crowny.de\/index.php?rest_route=\/wp\/v2\/media\/2938"}],"wp:attachment":[{"href":"https:\/\/www.crowny.de\/index.php?rest_route=%2Fwp%2Fv2%2Fmedia&parent=2899"}],"wp:term":[{"taxonomy":"product_cat","embeddable":true,"href":"https:\/\/www.crowny.de\/index.php?rest_route=%2Fwp%2Fv2%2Fproduct_cat&post=2899"},{"taxonomy":"product_tag","embeddable":true,"href":"https:\/\/www.crowny.de\/index.php?rest_route=%2Fwp%2Fv2%2Fproduct_tag&post=2899"}],"curies":[{"name":"wp","href":"https:\/\/api.w.org\/{rel}","templated":true}]}}