{"id":373,"date":"2015-10-19T13:42:18","date_gmt":"2015-10-19T11:42:18","guid":{"rendered":"http:\/\/2016.crowny.de\/wp\/?product=burgtec-dickduenn-kettenblatt-104mm-lochkreis"},"modified":"2019-11-18T23:40:11","modified_gmt":"2019-11-18T22:40:11","slug":"burgtec-dickduenn-kettenblatt-104mm-lochkreis","status":"publish","type":"product","link":"https:\/\/www.crowny.de\/?product=burgtec-dickduenn-kettenblatt-104mm-lochkreis","title":{"rendered":"BURGTEC &#8220;DickD\u00fcnn&#8221; Kettenblatt, 104mm Lochkreis"},"content":{"rendered":"<p><span style=\"font-size: small;\">Nach dem erfolgreichen Launch unserer 1x Kettenbl\u00e4tter f\u00fcr Shimano XT und XTR Gruppen, bieten wir nun auch allen Nutzern von Kurbeln mit dem Standardlochkreis von 104mm unsere D\u00fcnnDick Kettenbl\u00e4tter an.<br \/>\n<\/span><\/p>\n<p><span style=\"font-size: small;\">Dann gib ihnen mit dem BURGTEC Thick-Thin-Kettenblatt zus\u00e4tzlichen Feinschliff und dir die n\u00f6tige Sicherkeit beim Shredden! Die abwechselnd d\u00fcnnen und dicken Z\u00e4hne fahren mit dir buchst\u00e4blich durch dick und d\u00fcnn!<br \/>\n<\/span><\/p>\n<p><span style=\"font-size: small;\"><br \/>\n<\/span> <span style=\"color: #ffff00; font-size: small;\">Spezifikation<\/span><\/p>\n<p>\u00b7 Farbe: Burgtec Black<br \/>\n\u00b7 Designed f\u00fcr alle Kurbeln mit 104mm Lochkreis<br \/>\n<span style=\"font-size: small;\">\u00b7 Hergestellt aus 6082 T6 Luftfahrt Aluminium. <\/span><br \/>\n<span style=\"font-size: small;\">\u00b7 Gewicht 32Z.-&gt;36g, 34Z.-&gt;43g<br \/>\n<\/span><span style=\"font-size: small;\">\u00b7 Made in the U.K.<\/span><\/p>\n","protected":false},"excerpt":{"rendered":"<p>Dein neues 1-fach Kettenblatt<\/p>\n","protected":false},"featured_media":219,"comment_status":"open","ping_status":"closed","template":"","meta":[],"product_cat":[130],"product_tag":[149,165,166,151,150,141,142,146,157,161,86,152,140,139,158],"_links":{"self":[{"href":"https:\/\/www.crowny.de\/index.php?rest_route=\/wp\/v2\/product\/373"}],"collection":[{"href":"https:\/\/www.crowny.de\/index.php?rest_route=\/wp\/v2\/product"}],"about":[{"href":"https:\/\/www.crowny.de\/index.php?rest_route=\/wp\/v2\/types\/product"}],"replies":[{"embeddable":true,"href":"https:\/\/www.crowny.de\/index.php?rest_route=%2Fwp%2Fv2%2Fcomments&post=373"}],"wp:featuredmedia":[{"embeddable":true,"href":"https:\/\/www.crowny.de\/index.php?rest_route=\/wp\/v2\/media\/219"}],"wp:attachment":[{"href":"https:\/\/www.crowny.de\/index.php?rest_route=%2Fwp%2Fv2%2Fmedia&parent=373"}],"wp:term":[{"taxonomy":"product_cat","embeddable":true,"href":"https:\/\/www.crowny.de\/index.php?rest_route=%2Fwp%2Fv2%2Fproduct_cat&post=373"},{"taxonomy":"product_tag","embeddable":true,"href":"https:\/\/www.crowny.de\/index.php?rest_route=%2Fwp%2Fv2%2Fproduct_tag&post=373"}],"curies":[{"name":"wp","href":"https:\/\/api.w.org\/{rel}","templated":true}]}}