{"id":410,"date":"2015-10-19T18:23:50","date_gmt":"2015-10-19T16:23:50","guid":{"rendered":"http:\/\/2016.crowny.de\/wp\/?post_type=product&#038;p=410"},"modified":"2025-05-14T14:24:09","modified_gmt":"2025-05-14T12:24:09","slug":"mk4-innenleben","status":"publish","type":"product","link":"https:\/\/www.crowny.de\/?product=mk4-innenleben","title":{"rendered":"BURGTEC Wartungs-Set f\u00fcr Penthouse Flats Mk.4"},"content":{"rendered":"<p>Alle Kraft aus deinen Beinen bekommen zuerst deine Pedale ab. Deshalb solltest du ihnen bei Bedarf einen Service g\u00f6nnen. Unsere Mk.4 Pedale sind einfach zu warten. Ein komplettes Wartungs-Set reicht f\u00fcr zwei Mk.4 Pedale und beinhaltet alles &#8211;<\/p>\n<p>2x Gleitlager gro\u00df<br \/>\n2x Gleitlager klein<br \/>\n2x Rillenkugellager<br \/>\n2x Dichtungen<br \/>\n2x Muttern<br \/>\n2x Beilagscheiben<\/p>\n<p>&#8211; um deinen zuverf\u00e4ssigen Lieblingspedalen neues Leben einzuhauchen!<\/p>\n","protected":false},"excerpt":{"rendered":"<p>Alle Kraft aus deinen Beinen bekommen zuerst deine Pedale ab. Deshalb solltest du ihnen bei Bedarf einen Service g\u00f6nnen. Unsere Mk.4 Pedale sind einfach zu warten. Ein komplettes Wartungs-Set reicht f\u00fcr zwei Mk.4 Pedale und beinhaltet alles &#8211; 2x Gleitlager gro\u00df 2x Gleitlager klein 2x Rillenkugellager 2x Dichtungen 2x Muttern 2x Beilagscheiben &#8211; um deinen &hellip;<\/p>\n","protected":false},"featured_media":233,"comment_status":"open","ping_status":"closed","template":"","meta":[],"product_cat":[30],"product_tag":[],"_links":{"self":[{"href":"https:\/\/www.crowny.de\/index.php?rest_route=\/wp\/v2\/product\/410"}],"collection":[{"href":"https:\/\/www.crowny.de\/index.php?rest_route=\/wp\/v2\/product"}],"about":[{"href":"https:\/\/www.crowny.de\/index.php?rest_route=\/wp\/v2\/types\/product"}],"replies":[{"embeddable":true,"href":"https:\/\/www.crowny.de\/index.php?rest_route=%2Fwp%2Fv2%2Fcomments&post=410"}],"wp:featuredmedia":[{"embeddable":true,"href":"https:\/\/www.crowny.de\/index.php?rest_route=\/wp\/v2\/media\/233"}],"wp:attachment":[{"href":"https:\/\/www.crowny.de\/index.php?rest_route=%2Fwp%2Fv2%2Fmedia&parent=410"}],"wp:term":[{"taxonomy":"product_cat","embeddable":true,"href":"https:\/\/www.crowny.de\/index.php?rest_route=%2Fwp%2Fv2%2Fproduct_cat&post=410"},{"taxonomy":"product_tag","embeddable":true,"href":"https:\/\/www.crowny.de\/index.php?rest_route=%2Fwp%2Fv2%2Fproduct_tag&post=410"}],"curies":[{"name":"wp","href":"https:\/\/api.w.org\/{rel}","templated":true}]}}