{"id":411,"date":"2015-10-19T18:39:43","date_gmt":"2015-10-19T16:39:43","guid":{"rendered":"http:\/\/2016.crowny.de\/wp\/?post_type=product&#038;p=411"},"modified":"2021-03-25T20:52:16","modified_gmt":"2021-03-25T19:52:16","slug":"mk4-axles","status":"publish","type":"product","link":"https:\/\/www.crowny.de\/?product=mk4-axles","title":{"rendered":"BURGTEC Achse\/n f\u00fcr Penthouse Flats Mk.4"},"content":{"rendered":"<p>Wir bieten Ersatz-Achsen f\u00fcr deine Penthouse Flats IV wahlweise in der Standard-Ausf\u00fchrung Stahl oder als leichte Titan-Version an.<br \/>\nZudem kannst du jede Achse einzeln kaufen oder als Set (links &amp; rechts) mit Preisvorteil.<\/p>\n<p>Inhalt: je nach Auswahl eine Achse &#8216;Links&#8217; oder &#8216;Rechts&#8217; oder im Set (L &amp; R)<\/p>\n","protected":false},"excerpt":{"rendered":"<p>Wir bieten Ersatz-Achsen f\u00fcr deine Penthouse Flats IV wahlweise in der Standard-Ausf\u00fchrung Stahl oder als leichte Titan-Version an. Zudem kannst du jede Achse einzeln kaufen oder als Set (links &amp; rechts) mit Preisvorteil. Inhalt: je nach Auswahl eine Achse &#8216;Links&#8217; oder &#8216;Rechts&#8217; oder im Set (L &amp; R)<\/p>\n","protected":false},"featured_media":234,"comment_status":"open","ping_status":"closed","template":"","meta":[],"product_cat":[30],"product_tag":[187,178,174,186,170,62,185,177,80,171,175,81,79,135,179,176,172,173,184,183,180,69,182,181],"_links":{"self":[{"href":"https:\/\/www.crowny.de\/index.php?rest_route=\/wp\/v2\/product\/411"}],"collection":[{"href":"https:\/\/www.crowny.de\/index.php?rest_route=\/wp\/v2\/product"}],"about":[{"href":"https:\/\/www.crowny.de\/index.php?rest_route=\/wp\/v2\/types\/product"}],"replies":[{"embeddable":true,"href":"https:\/\/www.crowny.de\/index.php?rest_route=%2Fwp%2Fv2%2Fcomments&post=411"}],"wp:featuredmedia":[{"embeddable":true,"href":"https:\/\/www.crowny.de\/index.php?rest_route=\/wp\/v2\/media\/234"}],"wp:attachment":[{"href":"https:\/\/www.crowny.de\/index.php?rest_route=%2Fwp%2Fv2%2Fmedia&parent=411"}],"wp:term":[{"taxonomy":"product_cat","embeddable":true,"href":"https:\/\/www.crowny.de\/index.php?rest_route=%2Fwp%2Fv2%2Fproduct_cat&post=411"},{"taxonomy":"product_tag","embeddable":true,"href":"https:\/\/www.crowny.de\/index.php?rest_route=%2Fwp%2Fv2%2Fproduct_tag&post=411"}],"curies":[{"name":"wp","href":"https:\/\/api.w.org\/{rel}","templated":true}]}}