{"id":847,"date":"2019-11-18T23:06:29","date_gmt":"2019-11-18T22:06:29","guid":{"rendered":"http:\/\/www.crowny.de\/?product=burgtec-composite-flats"},"modified":"2025-07-03T08:38:25","modified_gmt":"2025-07-03T06:38:25","slug":"burgtec-composite-flats","status":"publish","type":"product","link":"https:\/\/www.crowny.de\/?product=burgtec-composite-flats","title":{"rendered":"BURGTEC Composite Flats"},"content":{"rendered":"<h3 class=\"builder-text-section-title\"><strong><span style=\"color: #ffff00;\">SONDERAKTION bis 19.01.2025: ausgew\u00e4hlte und sofort verf\u00fcgbare Farben zum Sonderpreis von \u20ac44.- Solange Vorrat reicht!<\/span><\/strong><\/h3>\n<div class=\"builder-section-content\">\n<div id=\"builder-section-1444588355860-column-1\" class=\"builder-text-column builder-text-column-1\">\n<div class=\"builder-text-content\">Alles was du vom bew\u00e4hrten Burgtec Penthouse Flats erwartest, zu einem besseren Preis.<\/div>\n<p>Kompromissloser Grip, robuste Haltbarkeit, genau das gleiche zeitlose Design, jede Komponente als Ersatzteil verf\u00fcgbar und zu einem erschwinglichen Preis.<\/p>\n<p>Das Beste aus beiden Welten kann existieren.<\/p>\n<div class=\"builder-text-content\">\n<ul>\n<li>Farben: Burgtec Black, Race Red, Deep Blue, Purple Rain, Iron Bro Orange, Gum, Electric Yellow, Damn Right White<\/li>\n<li>gro\u00dfe Trittfl\u00e4che und bew\u00e4hrte Pinanordnung gew\u00e4hren dir besten Halt!<\/li>\n<li>Pedalh\u00f6he 16mm<\/li>\n<li>leichtes Austauschen aller Pins durch einzigartiges Pedaldesign<\/li>\n<li>1mm Vertiefung auf der Trittfl\u00e4che f\u00fcr noch mehr Halt<\/li>\n<li>Nylon und Fiberglas K\u00f6rper<\/li>\n<li>einfache Wartung<\/li>\n<li>SCM415 Cromo Achse<\/li>\n<li>Gewicht 376 g<\/li>\n<\/ul>\n<\/div>\n<\/div>\n<\/div>\n","protected":false},"excerpt":{"rendered":"<p style=\"padding-left: 30px;\">unser neues &#8220;Plastik&#8221;-Pedal vereint unschlagbare Flatpedal-Performance mit einem erschwinglichen Preis.<\/p>\n","protected":false},"featured_media":869,"comment_status":"open","ping_status":"closed","template":"","meta":[],"product_cat":[29],"product_tag":[83,78,62,290,87,75,84,80,283,284,88,82,81,76,79,285,86,85,77],"_links":{"self":[{"href":"https:\/\/www.crowny.de\/index.php?rest_route=\/wp\/v2\/product\/847"}],"collection":[{"href":"https:\/\/www.crowny.de\/index.php?rest_route=\/wp\/v2\/product"}],"about":[{"href":"https:\/\/www.crowny.de\/index.php?rest_route=\/wp\/v2\/types\/product"}],"replies":[{"embeddable":true,"href":"https:\/\/www.crowny.de\/index.php?rest_route=%2Fwp%2Fv2%2Fcomments&post=847"}],"wp:featuredmedia":[{"embeddable":true,"href":"https:\/\/www.crowny.de\/index.php?rest_route=\/wp\/v2\/media\/869"}],"wp:attachment":[{"href":"https:\/\/www.crowny.de\/index.php?rest_route=%2Fwp%2Fv2%2Fmedia&parent=847"}],"wp:term":[{"taxonomy":"product_cat","embeddable":true,"href":"https:\/\/www.crowny.de\/index.php?rest_route=%2Fwp%2Fv2%2Fproduct_cat&post=847"},{"taxonomy":"product_tag","embeddable":true,"href":"https:\/\/www.crowny.de\/index.php?rest_route=%2Fwp%2Fv2%2Fproduct_tag&post=847"}],"curies":[{"name":"wp","href":"https:\/\/api.w.org\/{rel}","templated":true}]}}