{"id":896,"date":"2020-01-15T18:23:28","date_gmt":"2020-01-15T17:23:28","guid":{"rendered":"http:\/\/www.crowny.de\/?product=burgtec-wartungs-set-fuer-composite-flats"},"modified":"2022-11-19T00:58:18","modified_gmt":"2022-11-18T23:58:18","slug":"burgtec-wartungs-set-fuer-composite-flats","status":"publish","type":"product","link":"https:\/\/www.crowny.de\/?product=burgtec-wartungs-set-fuer-composite-flats","title":{"rendered":"BURGTEC Wartungs-Set f\u00fcr Composite Flats"},"content":{"rendered":"<p>Alle Kraft aus deinen Beinen bekommen zuerst deine Pedale ab. Deshalb solltest du ihnen bei Bedarf einen Service g\u00f6nnen. F\u00fcr die Wartung deiner Composite Pedale ben\u00f6tigst du KEIN Spezialwerkzeug. Ein komplettes Wartungs-Set reicht f\u00fcr zwei Mk.3 Pedale und beinhaltet folgendes: &#8211;<\/p>\n<p>2 Gleitlager gro\u00df<br \/>\n2 Industrie-Kugellager<br \/>\n2 Dichtungen<br \/>\n2 Muttern<br \/>\n2 Endkappen<br \/>\n2 Unterlegscheiben<\/p>\n<p>&nbsp;<\/p>\n","protected":false},"excerpt":{"rendered":"<p>Alle Kraft aus deinen Beinen bekommen zuerst deine Pedale ab. Deshalb solltest du ihnen bei Bedarf einen Service g\u00f6nnen. F\u00fcr die Wartung deiner Composite Pedale ben\u00f6tigst du KEIN Spezialwerkzeug. Ein komplettes Wartungs-Set reicht f\u00fcr zwei Mk.3 Pedale und beinhaltet folgendes: &#8211; 2 Gleitlager gro\u00df 2 Industrie-Kugellager 2 Dichtungen 2 Muttern 2 Endkappen 2 Unterlegscheiben &nbsp;<\/p>\n","protected":false},"featured_media":1371,"comment_status":"open","ping_status":"closed","template":"","meta":[],"product_cat":[30],"product_tag":[62,290,191,80,294,295,296],"_links":{"self":[{"href":"https:\/\/www.crowny.de\/index.php?rest_route=\/wp\/v2\/product\/896"}],"collection":[{"href":"https:\/\/www.crowny.de\/index.php?rest_route=\/wp\/v2\/product"}],"about":[{"href":"https:\/\/www.crowny.de\/index.php?rest_route=\/wp\/v2\/types\/product"}],"replies":[{"embeddable":true,"href":"https:\/\/www.crowny.de\/index.php?rest_route=%2Fwp%2Fv2%2Fcomments&post=896"}],"wp:featuredmedia":[{"embeddable":true,"href":"https:\/\/www.crowny.de\/index.php?rest_route=\/wp\/v2\/media\/1371"}],"wp:attachment":[{"href":"https:\/\/www.crowny.de\/index.php?rest_route=%2Fwp%2Fv2%2Fmedia&parent=896"}],"wp:term":[{"taxonomy":"product_cat","embeddable":true,"href":"https:\/\/www.crowny.de\/index.php?rest_route=%2Fwp%2Fv2%2Fproduct_cat&post=896"},{"taxonomy":"product_tag","embeddable":true,"href":"https:\/\/www.crowny.de\/index.php?rest_route=%2Fwp%2Fv2%2Fproduct_tag&post=896"}],"curies":[{"name":"wp","href":"https:\/\/api.w.org\/{rel}","templated":true}]}}