{"id":900,"date":"2020-01-15T18:42:03","date_gmt":"2020-01-15T17:42:03","guid":{"rendered":"http:\/\/www.crowny.de\/?product=bartender-pro"},"modified":"2025-11-22T17:11:59","modified_gmt":"2025-11-22T16:11:59","slug":"burgtec-bartender-pro","status":"publish","type":"product","link":"https:\/\/www.crowny.de\/?product=burgtec-bartender-pro","title":{"rendered":"BURGTEC &#8220;Minnaar&#8221; Bartender Pro Griffe"},"content":{"rendered":"<h3 class=\"builder-text-section-title\">\u00a0&#8220;Ihr m\u00fcsst verr\u00fcckt sein einen Signature Griff mit dem pingeligsten Fahrer der Welt zu machen!&#8221;<\/h3>\n<p>Der Bartender Pro ist das n\u00e4chste Level in Sach und Griffdesign bei BURGTEC.<\/p>\n<p>Zusammen mit dem dreifachen World Champion Greg Minnaar haben wir w\u00e4hrend der WeltCup Saison 2018 hin- und herprobiert, getestet und verbessert, um einen Griffe zu entwerfen, der ein Benchmark in Bezug auf D\u00e4mpfung sein wird.<\/p>\n<p>Das einzigartig geschmeidige Design, kombiniert mit einer 25A Gummimischung vereint gleicherma\u00dfen volle Kontrolle und absoluten Komfort.<br \/>\nDer Griffdurchmesser von 31,5mm mit einer erfreulichen Ergonomie\u00a0 &#8211; auch wenn es mal richtig ruppig wird.<br \/>\nEine Sicherheitsklemme aus 7075er Alu h\u00e4lt deine Griffe sicher und zuverl\u00e4ssig dort wo sie sein sollen &#8211; an derselben Position.<br \/>\nF\u00fcr Greg&#8217;s Signature Griffe verwenden wir den gleichen ultrad\u00fcnnen Kern wir f\u00fcr unsere Bartender Griffe.<\/p>\n<ul>\n<li>9 Farben: Burgtec Black, Race Red, Deep Blue, Purple Rain, Gum, Iron Bro Orange, Electric Yellow, Nasa Grey, <span style=\"color: #ff00ff;\">Toxic Pink<\/span><\/li>\n<li>NEU: mixed playdough, Burgtec Camo, Bloody Mary<\/li>\n<li>31.5mm Griffdurchmesser<\/li>\n<li>25A Gummimischung<\/li>\n<li>einseitige Schraubbefestigung<\/li>\n<\/ul>\n","protected":false},"excerpt":{"rendered":"<p>Greg Minnaars Signature Griff &#8211; gut genug f\u00fcr Greg, perfekt f\u00fcr dich!<\/p>\n","protected":false},"featured_media":909,"comment_status":"open","ping_status":"closed","template":"","meta":[],"product_cat":[324,300],"product_tag":[303,453,62,454,302,301,452,304],"_links":{"self":[{"href":"https:\/\/www.crowny.de\/index.php?rest_route=\/wp\/v2\/product\/900"}],"collection":[{"href":"https:\/\/www.crowny.de\/index.php?rest_route=\/wp\/v2\/product"}],"about":[{"href":"https:\/\/www.crowny.de\/index.php?rest_route=\/wp\/v2\/types\/product"}],"replies":[{"embeddable":true,"href":"https:\/\/www.crowny.de\/index.php?rest_route=%2Fwp%2Fv2%2Fcomments&post=900"}],"wp:featuredmedia":[{"embeddable":true,"href":"https:\/\/www.crowny.de\/index.php?rest_route=\/wp\/v2\/media\/909"}],"wp:attachment":[{"href":"https:\/\/www.crowny.de\/index.php?rest_route=%2Fwp%2Fv2%2Fmedia&parent=900"}],"wp:term":[{"taxonomy":"product_cat","embeddable":true,"href":"https:\/\/www.crowny.de\/index.php?rest_route=%2Fwp%2Fv2%2Fproduct_cat&post=900"},{"taxonomy":"product_tag","embeddable":true,"href":"https:\/\/www.crowny.de\/index.php?rest_route=%2Fwp%2Fv2%2Fproduct_tag&post=900"}],"curies":[{"name":"wp","href":"https:\/\/api.w.org\/{rel}","templated":true}]}}